{"id":1454,"date":"2016-11-16T16:36:10","date_gmt":"2016-11-16T16:36:10","guid":{"rendered":"http:\/\/www.felipegonzalez.es\/home\/"},"modified":"2018-02-19T16:31:01","modified_gmt":"2018-02-19T16:31:01","slug":"home","status":"publish","type":"page","link":"https:\/\/www.felipegonzalez.es\/ca\/","title":{"rendered":"Home"},"content":{"rendered":"<p>[vc_row el_class=&#8221;homeslider-row&#8221;][vc_column]        <section class=\"flexslider homeslider js-homeslider\">\n\n          <ul class=\"slides\">\n              <li style=\"background-image:url(https:\/\/www.felipegonzalez.es\/wp-content\/uploads\/2016\/11\/home1.jpg);\">\n                  <div class=\"homeslider-caption\">\n  <p><span style=\"color: #ffffff;\">\"Governar em va fer<br \/>\n<\/span><span style=\"color: #ffffff;\">aprendre a passar<br \/>\n<\/span><span style=\"color: #ffffff;\">de l'\u00e8tica dels principis<br \/>\n<\/span><span style=\"color: #ffffff;\">a l'\u00e8tica de les<br \/>\nresponsabilitats\".<\/span><\/p>\n                <\/div>\n                <div class=\"js-homeslider-nav homeslider-nav\">\n                <a href=\"#\" class=\"homeslider-nav-left js-homeslider-nav-left\"><\/a>\n                <a href=\"#\" class=\"homeslider-nav-right js-homeslider-nav-right\"><\/a>\n              <\/div>\n            <\/li>\n            <\/ul>\n        <\/section>\n  [\/vc_column][\/vc_row][vc_row el_class=&#8221;timeline-row&#8221;][vc_column el_class=&#8221;vc-container&#8221;][vc_empty_space height=&#8221;20px&#8221; el_class=&#8221;timeline-row-empty-up&#8221;]  <div class=\"entry entry-date-section notopmargin\">\n    <h1>\n      <small>Felipe Gonz\u00e1lez<\/small> Moments clau    <\/h1>\n\n    <div class=\"timeline-border\"><\/div>\n  <\/div>\n  <div id=\"posts\" class=\"post-grid grid-container post-masonry post-timeline grid-2 clearfix\">\n    <div class=\"timeline-border\"><\/div>\n    <article class=\"entry clearfix timeitem js-timeitem is-hidden\">\n    <div class=\"entry-timeline\">\n      <div class=\"timeline-divider\"><\/div>\n    <\/div>\n        <div class=\"entry-image timeitem-img\">\n      <iframe loading=\"lazy\" width=\"560\" height=\"315\" src=\"https:\/\/www.youtube.com\/embed\/eg49_vYWs0A\" width=\"500\" height=\"281\" frameborder=\"0\" allowfullscreen><\/iframe>\n    <\/div>\n        <div class=\"timeitem-content\">\n      <p>[vc_row][vc_column][vc_column_text el_class=&#8221;timelinesection-year&#8221;]1942[\/vc_column_text][\/vc_column][\/vc_row][vc_row][vc_column][vc_column_text el_class=&#8221;timelinesection-title is-first&#8221;]Neix a Sevilla el 5 de mar\u00e7 de 1942.[\/vc_column_text][\/vc_column][\/vc_row][vc_row][vc_column][vc_column_text el_class=&#8221;timelinesection-date&#8221;][\/vc_column_text][\/vc_column][\/vc_row][vc_row][vc_column][vc_column_text el_class=&#8221;timelinesection-excerpt&#8221;][\/vc_column_text][\/vc_column][\/vc_row]<\/p>\n    <\/div>\n  <\/article>\n\n    <article class=\"entry clearfix timeitem js-timeitem is-hidden\">\n    <div class=\"entry-timeline\">\n      <div class=\"timeline-divider\"><\/div>\n    <\/div>\n            <div class=\"entry-image timeitem-img\">\n      <div class=\"flexslider js-timeline-slider timeline-slider\">\n        <ul class=\"slides\">\n                    <li><img decoding=\"async\" src=\"https:\/\/www.felipegonzalez.es\/wp-content\/uploads\/1964\/01\/felipe-guerra-y-mugica_-500x333.jpg\" alt=\"\"\/><\/li>\n                  <\/ul>\n      <\/div>\n    <\/div>\n        <div class=\"timeitem-content\">\n      <p>[vc_row][vc_column][vc_column_text el_class=&#8221;timelinesection-year&#8221;]1964[\/vc_column_text][\/vc_column][\/vc_row][vc_row][vc_column][vc_column_text el_class=&#8221;timelinesection-title&#8221;]S&#8217;afilia al Partit Socialista Obrer Espanyol, durant l&#8217;\u00e8poca de clandestinitat del partit.[\/vc_column_text][\/vc_column][\/vc_row][vc_row][vc_column][vc_empty_space height=&#8221;20px&#8221;][\/vc_column][\/vc_row][vc_row][vc_column][vc_column_text el_class=&#8221;timelinesection-excerpt&#8221;][\/vc_column_text][\/vc_column][\/vc_row]<\/p>\n    <\/div>\n  <\/article>\n\n    <article class=\"entry clearfix timeitem js-timeitem is-hidden\">\n    <div class=\"entry-timeline\">\n      <div class=\"timeline-divider\"><\/div>\n    <\/div>\n        <div class=\"entry-image timeitem-img\">\n      <img decoding=\"async\" class=\"image_fade img-responsive\" src=\"https:\/\/www.felipegonzalez.es\/wp-content\/uploads\/2017\/02\/slider2-1-500x184.jpg\" alt=\"Es llicencia en Dret i comen\u00e7a a exercir com a advocat laboralista.\">\n    <\/div>\n        <div class=\"timeitem-content\">\n      <p>[vc_row][vc_column][vc_column_text el_class=&#8221;timelinesection-year&#8221;]1965[\/vc_column_text][\/vc_column][\/vc_row][vc_row][vc_column][vc_column_text el_class=&#8221;timelinesection-title&#8221;]Es llicencia en Dret i comen\u00e7a a exercir com a advocat laboralista.[\/vc_column_text][\/vc_column][\/vc_row]<\/p>\n    <\/div>\n  <\/article>\n\n    <article class=\"entry clearfix timeitem js-timeitem is-hidden\">\n    <div class=\"entry-timeline\">\n      <div class=\"timeline-divider\"><\/div>\n    <\/div>\n        <div class=\"entry-image timeitem-img\">\n      <iframe loading=\"lazy\" width=\"560\" height=\"315\" src=\"https:\/\/www.youtube.com\/embed\/h0IeXxjWsDE\" width=\"500\" height=\"281\" frameborder=\"0\" allowfullscreen><\/iframe>\n    <\/div>\n        <div class=\"timeitem-content\">\n      <p>[vc_row][vc_column][vc_column_text el_class=&#8221;timelinesection-year&#8221;]1974 &#8211; 1997[\/vc_column_text][\/vc_column][\/vc_row][vc_row][vc_column][vc_column_text el_class=&#8221;timelinesection-title&#8221;]Secretari General del Partit Socialista Obrer Espanyol (PSOE) de 1974 a 1997.[\/vc_column_text][\/vc_column][\/vc_row][vc_row][vc_column][vc_empty_space height=&#8221;20px&#8221;][\/vc_column][\/vc_row][vc_row][vc_column][vc_column_text el_class=&#8221;timelinesection-excerpt&#8221;][\/vc_column_text][\/vc_column][\/vc_row]<\/p>\n    <\/div>\n  <\/article>\n\n    <article class=\"entry clearfix timeitem js-timeitem is-hidden\">\n    <div class=\"entry-timeline\">\n      <div class=\"timeline-divider\"><\/div>\n    <\/div>\n            <div class=\"entry-image timeitem-img\">\n      <div class=\"flexslider js-timeline-slider timeline-slider\">\n        <ul class=\"slides\">\n                    <li><img decoding=\"async\" src=\"https:\/\/www.felipegonzalez.es\/wp-content\/uploads\/2016\/12\/1977-elec-2-500x319.jpg\" alt=\"\"\/><\/li>\n                  <\/ul>\n      <\/div>\n    <\/div>\n        <div class=\"timeitem-content\">\n      <p>[vc_row][vc_column][vc_column_text el_class=&#8221;timelinesection-year&#8221;]1977 &#8211; 2004[\/vc_column_text][\/vc_column][\/vc_row][vc_row][vc_column][vc_column_text el_class=&#8221;timelinesection-title&#8221;]Diputat.[\/vc_column_text][\/vc_column][\/vc_row]<\/p>\n    <\/div>\n  <\/article>\n\n    <article class=\"entry clearfix timeitem js-timeitem is-hidden\">\n    <div class=\"entry-timeline\">\n      <div class=\"timeline-divider\"><\/div>\n    <\/div>\n        <div class=\"entry-image timeitem-img\">\n      <iframe loading=\"lazy\" width=\"560\" height=\"315\" src=\"https:\/\/www.youtube.com\/embed\/T85rTPRliTE\" width=\"500\" height=\"281\" frameborder=\"0\" allowfullscreen><\/iframe>\n    <\/div>\n        <div class=\"timeitem-content\">\n      <p>[vc_row][vc_column][vc_column_text el_class=&#8221;timelinesection-year&#8221;]1982 &#8211; 1996[\/vc_column_text][\/vc_column][\/vc_row][vc_row][vc_column][vc_column_text el_class=&#8221;timelinesection-title&#8221;]President del Govern d&#8217;Espanya.[\/vc_column_text][\/vc_column][\/vc_row]<\/p>\n    <\/div>\n  <\/article>\n\n    <\/div><!-- #posts end -->\n  <div class=\"center timeline-load\">\n    <a href=\"\/ca\/page\/2\/\" class=\"timeline-load-btn js-timeline-load-btn button button-3d button-dark button-large button-rounded\">Carregar m\u00e9s...<\/a>\n  <\/div>\n\n  [vc_empty_space height=&#8221;140px&#8221; el_class=&#8221;timeline-row-empty-down&#8221;][\/vc_column][\/vc_row][vc_row][vc_column]\n\t<section class=\"homelogos\">\n\t\t<div class=\"container\">\n\t\t\t<a lang=\"6\" href=\"http:\/\/fundacionfelipegonzalez.org\" target=\"_blank\"><img decoding=\"async\" src=\"https:\/\/www.felipegonzalez.es\/wp-content\/uploads\/2016\/11\/ffg-logo.png\" alt=\"ffg-logo\" title=\"ffg-logo\" \/><\/a><a lang=\"6\" href=\"http:\/\/www.psoe.es\/\" target=\"_blank\"><img decoding=\"async\" src=\"https:\/\/www.felipegonzalez.es\/wp-content\/uploads\/2016\/11\/psoe-logo.png\" alt=\"ffg-logo\" title=\"psoe-logo\" \/><\/a><a lang=\"6\" href=\"http:\/\/www.clubmadrid.org\/es\" target=\"_blank\"><img decoding=\"async\" src=\"https:\/\/www.felipegonzalez.es\/wp-content\/uploads\/2016\/11\/club-madrid-logo.png\" alt=\"ffg-logo\" title=\"club-madrid-logo\" \/><\/a><a lang=\"6\" href=\"http:\/\/www.realinstitutoelcano.org\/\" target=\"_blank\"><img decoding=\"async\" src=\"https:\/\/www.felipegonzalez.es\/wp-content\/uploads\/2016\/11\/elcano-logo.png\" alt=\"ffg-logo\" title=\"elcano-logo\" \/><\/a><a lang=\"6\" href=\"http:\/\/www.fundacionalternativas.org\" target=\"_blank\"><img decoding=\"async\" src=\"https:\/\/www.felipegonzalez.es\/wp-content\/uploads\/2016\/11\/falternativas-logo.png\" alt=\"ffg-logo\" title=\"falternativas-logo\" \/><\/a><a lang=\"6\" href=\"http:\/\/circulodemontevideo.org\/\" target=\"_blank\"><img decoding=\"async\" src=\"https:\/\/www.felipegonzalez.es\/wp-content\/uploads\/2016\/11\/montevideo-logo.png\" alt=\"ffg-logo\" title=\"montevideo-logo\" \/><\/a><\/div><!--\/container--><div class=\"container\">\t\t<\/div>\n\t<\/section>\n\n\t[\/vc_column][\/vc_row]<\/p>\n","protected":false},"excerpt":{"rendered":"<p>[vc_row el_class=&#8221;homeslider-row&#8221;][vc_column][\/vc_column][\/vc_row][vc_row el_class=&#8221;timeline-row&#8221;][vc_column el_class=&#8221;vc-container&#8221;][vc_empty_space height=&#8221;20px&#8221; el_class=&#8221;timeline-row-empty-up&#8221;][vc_empty_space height=&#8221;140px&#8221; el_class=&#8221;timeline-row-empty-down&#8221;][\/vc_column][\/vc_row][vc_row][vc_column][\/vc_column][\/vc_row]<\/p>\n","protected":false},"author":3,"featured_media":0,"parent":0,"menu_order":0,"comment_status":"closed","ping_status":"open","template":"","meta":{"footnotes":""},"class_list":["post-1454","page","type-page","status-publish","hentry"],"yoast_head":"<!-- This site is optimized with the Yoast SEO plugin v21.1 - https:\/\/yoast.com\/wordpress\/plugins\/seo\/ -->\n<title>Felipe Gonz\u00e1lez, p\u00e0gina web oficial de l&#039;expresident del govern d&#039;Espanya<\/title>\n<meta name=\"description\" content=\"Felipe Gonz\u00e1lez, p\u00e0gina web oficial de l&#039;expresident del govern d&#039;Espanya. Biografia, publicacions, premis i reconeixements.\" \/>\n<meta name=\"robots\" content=\"index, follow, max-snippet:-1, max-image-preview:large, max-video-preview:-1\" \/>\n<link rel=\"canonical\" href=\"https:\/\/www.felipegonzalez.es\/ca\/\" \/>\n<meta property=\"og:locale\" content=\"ca_ES\" \/>\n<meta property=\"og:type\" content=\"article\" \/>\n<meta property=\"og:title\" content=\"Felipe Gonz\u00e1lez, p\u00e0gina web oficial de l&#039;expresident del govern d&#039;Espanya\" \/>\n<meta property=\"og:description\" content=\"Felipe Gonz\u00e1lez, p\u00e0gina web oficial de l&#039;expresident del govern d&#039;Espanya. Biografia, publicacions, premis i reconeixements.\" \/>\n<meta property=\"og:url\" content=\"https:\/\/www.felipegonzalez.es\/ca\/\" \/>\n<meta property=\"og:site_name\" content=\"Felipe Gonz\u00e1lez\" \/>\n<meta property=\"article:modified_time\" content=\"2018-02-19T16:31:01+00:00\" \/>\n<meta name=\"twitter:card\" content=\"summary_large_image\" \/>\n<script type=\"application\/ld+json\" class=\"yoast-schema-graph\">{\"@context\":\"https:\/\/schema.org\",\"@graph\":[{\"@type\":\"WebPage\",\"@id\":\"https:\/\/www.felipegonzalez.es\/ca\/\",\"url\":\"https:\/\/www.felipegonzalez.es\/ca\/\",\"name\":\"Felipe Gonz\u00e1lez, p\u00e0gina web oficial de l'expresident del govern d'Espanya\",\"isPartOf\":{\"@id\":\"https:\/\/www.felipegonzalez.es\/#website\"},\"datePublished\":\"2016-11-16T16:36:10+00:00\",\"dateModified\":\"2018-02-19T16:31:01+00:00\",\"description\":\"Felipe Gonz\u00e1lez, p\u00e0gina web oficial de l'expresident del govern d'Espanya. Biografia, publicacions, premis i reconeixements.\",\"breadcrumb\":{\"@id\":\"https:\/\/www.felipegonzalez.es\/ca\/#breadcrumb\"},\"inLanguage\":\"ca-ES\",\"potentialAction\":[{\"@type\":\"ReadAction\",\"target\":[\"https:\/\/www.felipegonzalez.es\/ca\/\"]}]},{\"@type\":\"BreadcrumbList\",\"@id\":\"https:\/\/www.felipegonzalez.es\/ca\/#breadcrumb\",\"itemListElement\":[{\"@type\":\"ListItem\",\"position\":1,\"name\":\"Portada\",\"item\":\"https:\/\/www.felipegonzalez.es\/ca\/\"},{\"@type\":\"ListItem\",\"position\":2,\"name\":\"Home\"}]},{\"@type\":\"WebSite\",\"@id\":\"https:\/\/www.felipegonzalez.es\/#website\",\"url\":\"https:\/\/www.felipegonzalez.es\/\",\"name\":\"Felipe Gonz\u00e1lez\",\"description\":\"Felipe Gonz\u00e1lez\",\"potentialAction\":[{\"@type\":\"SearchAction\",\"target\":{\"@type\":\"EntryPoint\",\"urlTemplate\":\"https:\/\/www.felipegonzalez.es\/?s={search_term_string}\"},\"query-input\":\"required name=search_term_string\"}],\"inLanguage\":\"ca-ES\"}]}<\/script>\n<!-- \/ Yoast SEO plugin. -->","yoast_head_json":{"title":"Felipe Gonz\u00e1lez, p\u00e0gina web oficial de l'expresident del govern d'Espanya","description":"Felipe Gonz\u00e1lez, p\u00e0gina web oficial de l'expresident del govern d'Espanya. Biografia, publicacions, premis i reconeixements.","robots":{"index":"index","follow":"follow","max-snippet":"max-snippet:-1","max-image-preview":"max-image-preview:large","max-video-preview":"max-video-preview:-1"},"canonical":"https:\/\/www.felipegonzalez.es\/ca\/","og_locale":"ca_ES","og_type":"article","og_title":"Felipe Gonz\u00e1lez, p\u00e0gina web oficial de l'expresident del govern d'Espanya","og_description":"Felipe Gonz\u00e1lez, p\u00e0gina web oficial de l'expresident del govern d'Espanya. Biografia, publicacions, premis i reconeixements.","og_url":"https:\/\/www.felipegonzalez.es\/ca\/","og_site_name":"Felipe Gonz\u00e1lez","article_modified_time":"2018-02-19T16:31:01+00:00","twitter_card":"summary_large_image","schema":{"@context":"https:\/\/schema.org","@graph":[{"@type":"WebPage","@id":"https:\/\/www.felipegonzalez.es\/ca\/","url":"https:\/\/www.felipegonzalez.es\/ca\/","name":"Felipe Gonz\u00e1lez, p\u00e0gina web oficial de l'expresident del govern d'Espanya","isPartOf":{"@id":"https:\/\/www.felipegonzalez.es\/#website"},"datePublished":"2016-11-16T16:36:10+00:00","dateModified":"2018-02-19T16:31:01+00:00","description":"Felipe Gonz\u00e1lez, p\u00e0gina web oficial de l'expresident del govern d'Espanya. Biografia, publicacions, premis i reconeixements.","breadcrumb":{"@id":"https:\/\/www.felipegonzalez.es\/ca\/#breadcrumb"},"inLanguage":"ca-ES","potentialAction":[{"@type":"ReadAction","target":["https:\/\/www.felipegonzalez.es\/ca\/"]}]},{"@type":"BreadcrumbList","@id":"https:\/\/www.felipegonzalez.es\/ca\/#breadcrumb","itemListElement":[{"@type":"ListItem","position":1,"name":"Portada","item":"https:\/\/www.felipegonzalez.es\/ca\/"},{"@type":"ListItem","position":2,"name":"Home"}]},{"@type":"WebSite","@id":"https:\/\/www.felipegonzalez.es\/#website","url":"https:\/\/www.felipegonzalez.es\/","name":"Felipe Gonz\u00e1lez","description":"Felipe Gonz\u00e1lez","potentialAction":[{"@type":"SearchAction","target":{"@type":"EntryPoint","urlTemplate":"https:\/\/www.felipegonzalez.es\/?s={search_term_string}"},"query-input":"required name=search_term_string"}],"inLanguage":"ca-ES"}]}},"_links":{"self":[{"href":"https:\/\/www.felipegonzalez.es\/ca\/wp-json\/wp\/v2\/pages\/1454","targetHints":{"allow":["GET"]}}],"collection":[{"href":"https:\/\/www.felipegonzalez.es\/ca\/wp-json\/wp\/v2\/pages"}],"about":[{"href":"https:\/\/www.felipegonzalez.es\/ca\/wp-json\/wp\/v2\/types\/page"}],"author":[{"embeddable":true,"href":"https:\/\/www.felipegonzalez.es\/ca\/wp-json\/wp\/v2\/users\/3"}],"replies":[{"embeddable":true,"href":"https:\/\/www.felipegonzalez.es\/ca\/wp-json\/wp\/v2\/comments?post=1454"}],"version-history":[{"count":6,"href":"https:\/\/www.felipegonzalez.es\/ca\/wp-json\/wp\/v2\/pages\/1454\/revisions"}],"predecessor-version":[{"id":2308,"href":"https:\/\/www.felipegonzalez.es\/ca\/wp-json\/wp\/v2\/pages\/1454\/revisions\/2308"}],"wp:attachment":[{"href":"https:\/\/www.felipegonzalez.es\/ca\/wp-json\/wp\/v2\/media?parent=1454"}],"curies":[{"name":"wp","href":"https:\/\/api.w.org\/{rel}","templated":true}]}}