{"id":1516,"date":"2016-12-02T15:28:53","date_gmt":"2016-12-02T15:28:53","guid":{"rendered":"http:\/\/www.felipegonzalez.es\/premios-y-reconocimientos\/"},"modified":"2018-02-15T06:38:26","modified_gmt":"2018-02-15T06:38:26","slug":"premios-y-reconocimientos","status":"publish","type":"page","link":"https:\/\/www.felipegonzalez.es\/ca\/premios-y-reconocimientos\/","title":{"rendered":"Premis i reconeixements"},"content":{"rendered":"<p>[vc_row el_class=&#8221;pageslider-row&#8221;][vc_column]  <section id=\"slider\" class=\"slider-parallax clearfix pageslider\">\n  <div id=\"ei-slider\" class=\"ei-slider pageslider-wrap\">\n\n    <ul class=\"ei-slider-large\">\n        <li>\n      <img decoding=\"async\" src=\"https:\/\/www.felipegonzalez.es\/wp-content\/uploads\/2017\/02\/slider2-1.jpg\" alt=\"Slider 1\" \/>\n      <div class=\"ei-title pageslider-caption\">\n              <\/div>\n    <\/li>\n        <li>\n      <img decoding=\"async\" src=\"https:\/\/www.felipegonzalez.es\/wp-content\/uploads\/2017\/02\/slider15.jpg\" alt=\"Slider 1\" \/>\n      <div class=\"ei-title pageslider-caption\">\n              <\/div>\n    <\/li>\n        <li>\n      <img decoding=\"async\" src=\"https:\/\/www.felipegonzalez.es\/wp-content\/uploads\/2016\/12\/1982-investidura-4-e1485208305527.jpg\" alt=\"Slider 1\" \/>\n      <div class=\"ei-title pageslider-caption\">\n              <\/div>\n    <\/li>\n        <li>\n      <img decoding=\"async\" src=\"https:\/\/www.felipegonzalez.es\/wp-content\/uploads\/2017\/02\/felipe2.jpg\" alt=\"Slider 1\" \/>\n      <div class=\"ei-title pageslider-caption\">\n              <\/div>\n    <\/li>\n        <li>\n      <img decoding=\"async\" src=\"https:\/\/www.felipegonzalez.es\/wp-content\/uploads\/2016\/12\/slider1.jpg\" alt=\"Slider 1\" \/>\n      <div class=\"ei-title pageslider-caption\">\n              <\/div>\n    <\/li>\n        <\/ul>\n\n    <ul class=\"ei-slider-thumbs\">\n    <li class=\"ei-slider-element\">Current<\/li>\n    \n    <li>\n      <a href=\"#\">Slide 1<\/a>\n      <img decoding=\"async\" src=\"https:\/\/www.felipegonzalez.es\/wp-content\/uploads\/2017\/02\/slider2-1-150x150.jpg\" alt=\"Slider 1\" \/>\n    <\/li>\n\n\n    \n    <li>\n      <a href=\"#\">Slide 1<\/a>\n      <img decoding=\"async\" src=\"https:\/\/www.felipegonzalez.es\/wp-content\/uploads\/2017\/02\/slider15-150x150.jpg\" alt=\"Slider 1\" \/>\n    <\/li>\n\n\n    \n    <li>\n      <a href=\"#\">Slide 1<\/a>\n      <img decoding=\"async\" src=\"https:\/\/www.felipegonzalez.es\/wp-content\/uploads\/2016\/12\/1982-investidura-4-e1485208305527-150x150.jpg\" alt=\"Slider 1\" \/>\n    <\/li>\n\n\n    \n    <li>\n      <a href=\"#\">Slide 1<\/a>\n      <img decoding=\"async\" src=\"https:\/\/www.felipegonzalez.es\/wp-content\/uploads\/2017\/02\/felipe2-150x150.jpg\" alt=\"Slider 1\" \/>\n    <\/li>\n\n\n    \n    <li>\n      <a href=\"#\">Slide 1<\/a>\n      <img decoding=\"async\" src=\"https:\/\/www.felipegonzalez.es\/wp-content\/uploads\/2016\/12\/slider1-150x150.jpg\" alt=\"Slider 1\" \/>\n    <\/li>\n\n\n        <\/ul>\n\n  <\/div>\n  <\/section>\n\n\n  [\/vc_column][\/vc_row][vc_row el_class=&#8221;biografia-nav biografia-nav-premios&#8221;][vc_column el_class=&#8221;vc-container&#8221;][vc_row_inner][vc_column_inner width=&#8221;1\/3&#8243;][vc_btn title=&#8221;Biografia&#8221; style=&#8221;classic&#8221; shape=&#8221;square&#8221; link=&#8221;url:https%3A%2F%2Fwww.felipegonzalez.es%2Fca%2Fbiografia%2F|||&#8221;][\/vc_column_inner][vc_column_inner width=&#8221;1\/3&#8243;][vc_btn title=&#8221;Premis i reconeixements&#8221; style=&#8221;classic&#8221; shape=&#8221;square&#8221; link=&#8221;url:https%3A%2F%2Fwww.felipegonzalez.es%2Fca%2Fpremios-y-reconocimientos%2F|||&#8221; el_class=&#8221;is-marked&#8221;][\/vc_column_inner][vc_column_inner width=&#8221;1\/3&#8243;][vc_btn title=&#8221;Participa a&#8221; style=&#8221;classic&#8221; shape=&#8221;square&#8221; link=&#8221;url:https%3A%2F%2Fwww.felipegonzalez.es%2Fca%2Fparticipa-en%2F|||&#8221;][\/vc_column_inner][\/vc_row_inner][\/vc_column][\/vc_row][vc_row el_class=&#8221;premios-row&#8221;][vc_column]  <div class=\"row premios-row-inner\">\n  <div class=\"container\">\n\n    <div class=\"col-xs-12 col-md-4 premios-col\">\n    <article class=\"premios-item\">\n            <span class=\"premios-date\">1984<\/span>\n                  <h2 class=\"premios-title\">\n            Gran Creu de l&#8217;Ordre de Crist.            <\/h2>\n                  <p class=\"premios-excerpt\">Rep\u00fablica Portuguesa, \r\n6 de gener de 1984.<\/p>\n          <\/article>\n  <\/div>\n\n    <div class=\"col-xs-12 col-md-4 premios-col\">\n    <article class=\"premios-item\">\n            <span class=\"premios-date\">1984<\/span>\n                  <h2 class=\"premios-title\">\n            Gran Creu de l&#8217;Ordre del M\u00e8rit Militar, amb distintiu blanc.            <\/h2>\n                  <p class=\"premios-excerpt\">20 de juny de 1984.<\/p>\n          <\/article>\n  <\/div>\n\n    <div class=\"col-xs-12 col-md-4 premios-col\">\n    <article class=\"premios-item\">\n            <span class=\"premios-date\">1986<\/span>\n                  <h2 class=\"premios-title\">\n            Ordre Jos\u00e9 Mart\u00ed.            <\/h2>\n                  <p class=\"premios-excerpt\">Rep\u00fablica de Cuba, \r\n14 de novembre de 1986.<\/p>\n          <\/article>\n  <\/div>\n\n  <\/div><!--\/container--><\/div><!--\/row--><div class=\"row premios-row-inner\"><div class=\"container\">  <div class=\"col-xs-12 col-md-4 premios-col\">\n    <article class=\"premios-item\">\n            <span class=\"premios-date\">1993<\/span>\n                  <h2 class=\"premios-title\">\n            Premi Carlemany.            <\/h2>\n                  <p class=\"premios-excerpt\">Aquisgr\u00e0, 20 de maig de 1993.<\/p>\n          <\/article>\n  <\/div>\n\n    <div class=\"col-xs-12 col-md-4 premios-col\">\n    <article class=\"premios-item\">\n            <span class=\"premios-date\">1995<\/span>\n                  <h2 class=\"premios-title\">\n            Doctor \u201cHonoris Causa\u201d per la Universitat de Lovaina.            <\/h2>\n                <\/article>\n  <\/div>\n\n    <div class=\"col-xs-12 col-md-4 premios-col\">\n    <article class=\"premios-item\">\n            <span class=\"premios-date\">1996<\/span>\n                  <h2 class=\"premios-title\">\n            Cavaller del Collar de l&#8217;Ordre d&#8217;Isabel la Cat\u00f2lica.            <\/h2>\n                  <p class=\"premios-excerpt\">10 de maig de 1996. <\/p>\n          <\/article>\n  <\/div>\n\n  <\/div><!--\/container--><\/div><!--\/row--><div class=\"row premios-row-inner\"><div class=\"container\">  <div class=\"col-xs-12 col-md-4 premios-col\">\n    <article class=\"premios-item\">\n            <span class=\"premios-date\">1997<\/span>\n                  <h2 class=\"premios-title\">\n            Gran Creu d&#8217;or al m\u00e8rit per la Rep\u00fablica d&#8217;\u00c0ustria.            <\/h2>\n                <\/article>\n  <\/div>\n\n    <div class=\"col-xs-12 col-md-4 premios-col\">\n    <article class=\"premios-item\">\n            <span class=\"premios-date\">1998<\/span>\n                  <h2 class=\"premios-title\">\n            Doctor honoris causa per la Universitat de Tolosa.            <\/h2>\n                <\/article>\n  <\/div>\n\n    <div class=\"col-xs-12 col-md-4 premios-col\">\n    <article class=\"premios-item\">\n            <span class=\"premios-date\">1998<\/span>\n                  <h2 class=\"premios-title\">\n            Fill Predilecte d&#8217;Andalusia.            <\/h2>\n                  <p class=\"premios-excerpt\">23 de febrer de 1998.\r\n<\/p>\n          <\/article>\n  <\/div>\n\n  <\/div><!--\/container--><\/div><!--\/row--><div class=\"row premios-row-inner\"><div class=\"container\">  <div class=\"col-xs-12 col-md-4 premios-col\">\n    <article class=\"premios-item\">\n            <span class=\"premios-date\">2000<\/span>\n                  <h2 class=\"premios-title\">\n            Premi Europeu Carles V de la Fundaci\u00f3 Acad\u00e8mia Europea de Yuste.            <\/h2>\n                <\/article>\n  <\/div>\n\n    <div class=\"col-xs-12 col-md-4 premios-col\">\n    <article class=\"premios-item\">\n            <span class=\"premios-date\">2004<\/span>\n                  <h2 class=\"premios-title\">\n            Ordre del Quetzal en Grau de Gran Cruz de la Rep\u00fablica de Guatemala.            <\/h2>\n                <\/article>\n  <\/div>\n\n    <div class=\"col-xs-12 col-md-4 premios-col\">\n    <article class=\"premios-item\">\n            <span class=\"premios-date\">2005<\/span>\n                  <h2 class=\"premios-title\">\n            Doctor honoris causa per la Universitat de Tel Aviv.            <\/h2>\n                <\/article>\n  <\/div>\n\n  <\/div><!--\/container--><\/div><!--\/row--><div class=\"row premios-row-inner\"><div class=\"container\">  <div class=\"col-xs-12 col-md-4 premios-col\">\n    <article class=\"premios-item\">\n            <span class=\"premios-date\">2005<\/span>\n                  <h2 class=\"premios-title\">\n            Medalla a tasca per a la integraci\u00f3 europea.            <\/h2>\n                  <p class=\"premios-excerpt\">12 de juny de 2005.<\/p>\n          <\/article>\n  <\/div>\n\n    <div class=\"col-xs-12 col-md-4 premios-col\">\n    <article class=\"premios-item\">\n            <span class=\"premios-date\">2011<\/span>\n                  <h2 class=\"premios-title\">\n            Medalla d&#8217;Honor de Madrid.            <\/h2>\n                  <p class=\"premios-excerpt\">15 de maig de 2011.<\/p>\n          <\/article>\n  <\/div>\n\n    <div class=\"col-xs-12 col-md-4 premios-col\">\n    <article class=\"premios-item\">\n            <span class=\"premios-date\">2012<\/span>\n                  <h2 class=\"premios-title\">\n            Fill predilecte de Sevilla.            <\/h2>\n                  <p class=\"premios-excerpt\">30 de maig de 2012.<\/p>\n          <\/article>\n  <\/div>\n\n  <\/div><!--\/container--><\/div><!--\/row--><div class=\"row premios-row-inner\"><div class=\"container\">  <div class=\"col-xs-12 col-md-4 premios-col\">\n    <article class=\"premios-item\">\n            <span class=\"premios-date\">2014<\/span>\n                  <h2 class=\"premios-title\">\n            Nacionalitat colombiana.            <\/h2>\n                <\/article>\n  <\/div>\n\n    <div class=\"col-xs-12 col-md-4 premios-col\">\n    <article class=\"premios-item\">\n            <span class=\"premios-date\">2015<\/span>\n                  <h2 class=\"premios-title\">\n            Premi Liderazgo para las Am\u00e9ricas atorgat per Di\u00e1logo Interamericano.            <\/h2>\n                <\/article>\n  <\/div>\n\n    <div class=\"col-xs-12 col-md-4 premios-col\">\n    <article class=\"premios-item\">\n            <span class=\"premios-date\">2016<\/span>\n                  <h2 class=\"premios-title\">\n            I Premio a la Solidaritat Beato Arnulfo Romero atorgat pel Govern a El Salvador.            <\/h2>\n                <\/article>\n  <\/div>\n\n  <\/div><!--\/container--><\/div><!--\/row--><div class=\"row premios-row-inner\"><div class=\"container\">  <div class=\"col-xs-12 col-md-4 premios-col\">\n    <article class=\"premios-item\">\n            <span class=\"premios-date\">2017<\/span>\n                  <h2 class=\"premios-title\">\n            XXV Premi de Conviv\u00e8ncia de la Fundaci\u00f3 Manuel Broseta.            <\/h2>\n                  <p class=\"premios-excerpt\">15 de gener 2017.<\/p>\n          <\/article>\n  <\/div>\n\n    <div class=\"col-xs-12 col-md-4 premios-col\">\n    <article class=\"premios-item\">\n            <span class=\"premios-date\">2017<\/span>\n                  <h2 class=\"premios-title\">\n            II Premi a la Democr\u00e0cia d&#8217;Atenes.            <\/h2>\n                  <p class=\"premios-excerpt\">15 de setembre de 2017.<\/p>\n          <\/article>\n  <\/div>\n\n    <\/div><!--\/container-->\n  <\/div><!--\/row-->\n\n  [\/vc_column][\/vc_row]<\/p>\n","protected":false},"excerpt":{"rendered":"<p>[vc_row el_class=&#8221;pageslider-row&#8221;][vc_column][\/vc_column][\/vc_row][vc_row el_class=&#8221;biografia-nav biografia-nav-premios&#8221;][vc_column el_class=&#8221;vc-container&#8221;][vc_row_inner][vc_column_inner width=&#8221;1\/3&#8243;][vc_btn title=&#8221;Biografia&#8221; style=&#8221;classic&#8221; shape=&#8221;square&#8221; link=&#8221;url:https%3A%2F%2Fwww.felipegonzalez.es%2Fca%2Fbiografia%2F|||&#8221;][\/vc_column_inner][vc_column_inner width=&#8221;1\/3&#8243;][vc_btn title=&#8221;Premis i reconeixements&#8221; style=&#8221;classic&#8221; shape=&#8221;square&#8221; link=&#8221;url:https%3A%2F%2Fwww.felipegonzalez.es%2Fca%2Fpremios-y-reconocimientos%2F|||&#8221; el_class=&#8221;is-marked&#8221;][\/vc_column_inner][vc_column_inner width=&#8221;1\/3&#8243;][vc_btn title=&#8221;Participa a&#8221; style=&#8221;classic&#8221; shape=&#8221;square&#8221; link=&#8221;url:https%3A%2F%2Fwww.felipegonzalez.es%2Fca%2Fparticipa-en%2F|||&#8221;][\/vc_column_inner][\/vc_row_inner][\/vc_column][\/vc_row][vc_row el_class=&#8221;premios-row&#8221;][vc_column][\/vc_column][\/vc_row]<\/p>\n","protected":false},"author":3,"featured_media":0,"parent":0,"menu_order":0,"comment_status":"closed","ping_status":"closed","template":"","meta":{"footnotes":""},"class_list":["post-1516","page","type-page","status-publish","hentry"],"yoast_head":"<!-- This site is optimized with the Yoast SEO plugin v21.1 - https:\/\/yoast.com\/wordpress\/plugins\/seo\/ -->\n<title>Premis i reconeixements - Felipe Gonz\u00e1lez<\/title>\n<meta name=\"robots\" content=\"index, follow, max-snippet:-1, max-image-preview:large, max-video-preview:-1\" \/>\n<link rel=\"canonical\" href=\"https:\/\/www.felipegonzalez.es\/premios-y-reconocimientos\/\" \/>\n<meta property=\"og:locale\" content=\"ca_ES\" \/>\n<meta property=\"og:type\" content=\"article\" \/>\n<meta property=\"og:title\" content=\"Premis i reconeixements - Felipe Gonz\u00e1lez\" \/>\n<meta property=\"og:description\" content=\"[vc_row el_class=&#8221;pageslider-row&#8221;][vc_column][\/vc_column][\/vc_row][vc_row el_class=&#8221;biografia-nav biografia-nav-premios&#8221;][vc_column el_class=&#8221;vc-container&#8221;][vc_row_inner][vc_column_inner width=&#8221;1\/3&#8243;][vc_btn title=&#8221;Biografia&#8221; style=&#8221;classic&#8221; shape=&#8221;square&#8221; link=&#8221;url:https%3A%2F%2Fwww.felipegonzalez.es%2Fca%2Fbiografia%2F|||&#8221;][\/vc_column_inner][vc_column_inner width=&#8221;1\/3&#8243;][vc_btn title=&#8221;Premis i reconeixements&#8221; style=&#8221;classic&#8221; shape=&#8221;square&#8221; link=&#8221;url:https%3A%2F%2Fwww.felipegonzalez.es%2Fca%2Fpremios-y-reconocimientos%2F|||&#8221; el_class=&#8221;is-marked&#8221;][\/vc_column_inner][vc_column_inner width=&#8221;1\/3&#8243;][vc_btn title=&#8221;Participa a&#8221; style=&#8221;classic&#8221; shape=&#8221;square&#8221; link=&#8221;url:https%3A%2F%2Fwww.felipegonzalez.es%2Fca%2Fparticipa-en%2F|||&#8221;][\/vc_column_inner][\/vc_row_inner][\/vc_column][\/vc_row][vc_row el_class=&#8221;premios-row&#8221;][vc_column][\/vc_column][\/vc_row]\" \/>\n<meta property=\"og:url\" content=\"https:\/\/www.felipegonzalez.es\/premios-y-reconocimientos\/\" \/>\n<meta property=\"og:site_name\" content=\"Felipe Gonz\u00e1lez\" \/>\n<meta property=\"article:modified_time\" content=\"2018-02-15T06:38:26+00:00\" \/>\n<meta name=\"twitter:card\" content=\"summary_large_image\" \/>\n<meta name=\"twitter:label1\" content=\"Est. reading time\" \/>\n\t<meta name=\"twitter:data1\" content=\"1 minute\" \/>\n<script type=\"application\/ld+json\" class=\"yoast-schema-graph\">{\"@context\":\"https:\/\/schema.org\",\"@graph\":[{\"@type\":\"WebPage\",\"@id\":\"https:\/\/www.felipegonzalez.es\/premios-y-reconocimientos\/\",\"url\":\"https:\/\/www.felipegonzalez.es\/premios-y-reconocimientos\/\",\"name\":\"Premis i reconeixements - Felipe Gonz\u00e1lez\",\"isPartOf\":{\"@id\":\"https:\/\/www.felipegonzalez.es\/#website\"},\"datePublished\":\"2016-12-02T15:28:53+00:00\",\"dateModified\":\"2018-02-15T06:38:26+00:00\",\"breadcrumb\":{\"@id\":\"https:\/\/www.felipegonzalez.es\/premios-y-reconocimientos\/#breadcrumb\"},\"inLanguage\":\"ca-ES\",\"potentialAction\":[{\"@type\":\"ReadAction\",\"target\":[\"https:\/\/www.felipegonzalez.es\/premios-y-reconocimientos\/\"]}]},{\"@type\":\"BreadcrumbList\",\"@id\":\"https:\/\/www.felipegonzalez.es\/premios-y-reconocimientos\/#breadcrumb\",\"itemListElement\":[{\"@type\":\"ListItem\",\"position\":1,\"name\":\"Portada\",\"item\":\"https:\/\/www.felipegonzalez.es\/ca\/\"},{\"@type\":\"ListItem\",\"position\":2,\"name\":\"Premis i reconeixements\"}]},{\"@type\":\"WebSite\",\"@id\":\"https:\/\/www.felipegonzalez.es\/#website\",\"url\":\"https:\/\/www.felipegonzalez.es\/\",\"name\":\"Felipe Gonz\u00e1lez\",\"description\":\"Felipe Gonz\u00e1lez\",\"potentialAction\":[{\"@type\":\"SearchAction\",\"target\":{\"@type\":\"EntryPoint\",\"urlTemplate\":\"https:\/\/www.felipegonzalez.es\/?s={search_term_string}\"},\"query-input\":\"required name=search_term_string\"}],\"inLanguage\":\"ca-ES\"}]}<\/script>\n<!-- \/ Yoast SEO plugin. -->","yoast_head_json":{"title":"Premis i reconeixements - Felipe Gonz\u00e1lez","robots":{"index":"index","follow":"follow","max-snippet":"max-snippet:-1","max-image-preview":"max-image-preview:large","max-video-preview":"max-video-preview:-1"},"canonical":"https:\/\/www.felipegonzalez.es\/premios-y-reconocimientos\/","og_locale":"ca_ES","og_type":"article","og_title":"Premis i reconeixements - Felipe Gonz\u00e1lez","og_description":"[vc_row el_class=&#8221;pageslider-row&#8221;][vc_column][\/vc_column][\/vc_row][vc_row el_class=&#8221;biografia-nav biografia-nav-premios&#8221;][vc_column el_class=&#8221;vc-container&#8221;][vc_row_inner][vc_column_inner width=&#8221;1\/3&#8243;][vc_btn title=&#8221;Biografia&#8221; style=&#8221;classic&#8221; shape=&#8221;square&#8221; link=&#8221;url:https%3A%2F%2Fwww.felipegonzalez.es%2Fca%2Fbiografia%2F|||&#8221;][\/vc_column_inner][vc_column_inner width=&#8221;1\/3&#8243;][vc_btn title=&#8221;Premis i reconeixements&#8221; style=&#8221;classic&#8221; shape=&#8221;square&#8221; link=&#8221;url:https%3A%2F%2Fwww.felipegonzalez.es%2Fca%2Fpremios-y-reconocimientos%2F|||&#8221; el_class=&#8221;is-marked&#8221;][\/vc_column_inner][vc_column_inner width=&#8221;1\/3&#8243;][vc_btn title=&#8221;Participa a&#8221; style=&#8221;classic&#8221; shape=&#8221;square&#8221; link=&#8221;url:https%3A%2F%2Fwww.felipegonzalez.es%2Fca%2Fparticipa-en%2F|||&#8221;][\/vc_column_inner][\/vc_row_inner][\/vc_column][\/vc_row][vc_row el_class=&#8221;premios-row&#8221;][vc_column][\/vc_column][\/vc_row]","og_url":"https:\/\/www.felipegonzalez.es\/premios-y-reconocimientos\/","og_site_name":"Felipe Gonz\u00e1lez","article_modified_time":"2018-02-15T06:38:26+00:00","twitter_card":"summary_large_image","twitter_misc":{"Est. reading time":"1 minute"},"schema":{"@context":"https:\/\/schema.org","@graph":[{"@type":"WebPage","@id":"https:\/\/www.felipegonzalez.es\/premios-y-reconocimientos\/","url":"https:\/\/www.felipegonzalez.es\/premios-y-reconocimientos\/","name":"Premis i reconeixements - Felipe Gonz\u00e1lez","isPartOf":{"@id":"https:\/\/www.felipegonzalez.es\/#website"},"datePublished":"2016-12-02T15:28:53+00:00","dateModified":"2018-02-15T06:38:26+00:00","breadcrumb":{"@id":"https:\/\/www.felipegonzalez.es\/premios-y-reconocimientos\/#breadcrumb"},"inLanguage":"ca-ES","potentialAction":[{"@type":"ReadAction","target":["https:\/\/www.felipegonzalez.es\/premios-y-reconocimientos\/"]}]},{"@type":"BreadcrumbList","@id":"https:\/\/www.felipegonzalez.es\/premios-y-reconocimientos\/#breadcrumb","itemListElement":[{"@type":"ListItem","position":1,"name":"Portada","item":"https:\/\/www.felipegonzalez.es\/ca\/"},{"@type":"ListItem","position":2,"name":"Premis i reconeixements"}]},{"@type":"WebSite","@id":"https:\/\/www.felipegonzalez.es\/#website","url":"https:\/\/www.felipegonzalez.es\/","name":"Felipe Gonz\u00e1lez","description":"Felipe Gonz\u00e1lez","potentialAction":[{"@type":"SearchAction","target":{"@type":"EntryPoint","urlTemplate":"https:\/\/www.felipegonzalez.es\/?s={search_term_string}"},"query-input":"required name=search_term_string"}],"inLanguage":"ca-ES"}]}},"_links":{"self":[{"href":"https:\/\/www.felipegonzalez.es\/ca\/wp-json\/wp\/v2\/pages\/1516","targetHints":{"allow":["GET"]}}],"collection":[{"href":"https:\/\/www.felipegonzalez.es\/ca\/wp-json\/wp\/v2\/pages"}],"about":[{"href":"https:\/\/www.felipegonzalez.es\/ca\/wp-json\/wp\/v2\/types\/page"}],"author":[{"embeddable":true,"href":"https:\/\/www.felipegonzalez.es\/ca\/wp-json\/wp\/v2\/users\/3"}],"replies":[{"embeddable":true,"href":"https:\/\/www.felipegonzalez.es\/ca\/wp-json\/wp\/v2\/comments?post=1516"}],"version-history":[{"count":4,"href":"https:\/\/www.felipegonzalez.es\/ca\/wp-json\/wp\/v2\/pages\/1516\/revisions"}],"predecessor-version":[{"id":3042,"href":"https:\/\/www.felipegonzalez.es\/ca\/wp-json\/wp\/v2\/pages\/1516\/revisions\/3042"}],"wp:attachment":[{"href":"https:\/\/www.felipegonzalez.es\/ca\/wp-json\/wp\/v2\/media?parent=1516"}],"curies":[{"name":"wp","href":"https:\/\/api.w.org\/{rel}","templated":true}]}}