{"id":1291,"date":"2016-12-14T15:26:27","date_gmt":"2016-12-14T15:26:27","guid":{"rendered":"http:\/\/www.felipegonzalez.es\/fundacion\/"},"modified":"2017-02-27T16:17:17","modified_gmt":"2017-02-27T16:17:17","slug":"fundacion","status":"publish","type":"page","link":"https:\/\/www.felipegonzalez.es\/eu\/fundacion\/","title":{"rendered":"Fundazioa"},"content":{"rendered":"<p>[vc_row][vc_column][vc_empty_space height=&#8221;50px&#8221;][\/vc_column][\/vc_row][vc_row el_class=&#8221;fund-row&#8221;][vc_column el_class=&#8221;vc-container&#8221;][vc_row_inner][vc_column_inner el_class=&#8221;fund-col-left js-fund-col-left&#8221; width=&#8221;1\/2&#8243;][vc_column_text el_class=&#8221;fund-title&#8221;]<\/p>\n<h1>Fundazioa<\/h1>\n<p>[\/vc_column_text][vc_column_text el_class=&#8221;fund-text&#8221;]Geure historia ulertzea, gaurkoa ulertzeko gakoa da, etorkizun ezberdin bati aukera emanez. Hori dela eta sortu zen Felipe Gonz\u00e1lez Fundazioa, helburu bikoitzarekin, iraganetik ikasi eta etorkizunera ekarpena egin.<\/p>\n<p>Premisa horiekin, Felipe Gonz\u00e1lez Fundazioak Felipe Gonz\u00e1lez-en artxibo dokumentala kudeatzen ditu herritarron eskura jartzeko asmo berriarekin. Bestalde, aukera-berdintasuna sustatzeko hainbat ekitaldi eta proiektu antolatzen ditu baita XXI. Mendeko ikaragarrizko erronkei gizarte bezala aurre egiteko zenbait tresna ere eskaintzeko.<\/p>\n<p>Felipe Gonz\u00e1lez Fundazioa 2013ko urrian erregistratu egin zen.[\/vc_column_text][vc_empty_space height=&#8221;80px&#8221; el_class=&#8221;fund-col-left-empty-up&#8221;][vc_single_image image=&#8221;2478&#8243; img_size=&#8221;full&#8221; onclick=&#8221;custom_link&#8221; img_link_target=&#8221;_blank&#8221; link=&#8221;http:\/\/www.fundacionfelipegonzalez.org\/&#8221;][vc_empty_space height=&#8221;40px&#8221; el_class=&#8221;fund-col-left-empty-down&#8221;][\/vc_column_inner][vc_column_inner el_class=&#8221;fund-col-right js-fund-col-right&#8221; width=&#8221;1\/2&#8243;][vc_column_text el_class=&#8221;fund-right-title&#8221;]Haren helburu nagusienak dira:[\/vc_column_text][vc_column_text el_class=&#8221;fund-right-list&#8221;]<\/p>\n<ul>\n<li><strong>Espainiako historiako oinarrizko une bati buruzko garrantzi handiko fitxategia herritarron eskura jarri eta kudeatu.<\/strong><\/li>\n<li><strong>Espainiako eta nazioarteko politika zein gaur egungo funtsezko gaiak hobeto eta gehiago ezagutu.<\/strong><\/li>\n<li><strong>XXI. Mendeko erronka politikoei eta sozialei erantzungo dieten hainbat ekintza eta proiektu sortu eta lagundu, aurrerapena, modernizazioa eta berdintasunaren sustapena bateratzen.<\/strong><\/li>\n<\/ul>\n<p>[\/vc_column_text][\/vc_column_inner][\/vc_row_inner][\/vc_column][\/vc_row]<\/p>\n","protected":false},"excerpt":{"rendered":"<p>[vc_row][vc_column][vc_empty_space height=&#8221;50px&#8221;][\/vc_column][\/vc_row][vc_row el_class=&#8221;fund-row&#8221;][vc_column el_class=&#8221;vc-container&#8221;][vc_row_inner][vc_column_inner el_class=&#8221;fund-col-left js-fund-col-left&#8221; width=&#8221;1\/2&#8243;][vc_column_text el_class=&#8221;fund-title&#8221;] Fundazioa [\/vc_column_text][vc_column_text el_class=&#8221;fund-text&#8221;]Geure historia ulertzea, gaurkoa ulertzeko gakoa da, etorkizun ezberdin bati aukera emanez. Hori dela eta sortu zen Felipe Gonz\u00e1lez Fundazioa, helburu bikoitzarekin, iraganetik ikasi eta etorkizunera ekarpena egin. Premisa horiekin, Felipe Gonz\u00e1lez Fundazioak Felipe Gonz\u00e1lez-en artxibo dokumentala kudeatzen ditu herritarron eskura jartzeko asmo berriarekin. Bestalde, [&hellip;]<\/p>\n","protected":false},"author":3,"featured_media":0,"parent":0,"menu_order":0,"comment_status":"closed","ping_status":"closed","template":"","meta":{"footnotes":""},"class_list":["post-1291","page","type-page","status-publish","hentry"],"yoast_head":"<!-- This site is optimized with the Yoast SEO plugin v21.1 - https:\/\/yoast.com\/wordpress\/plugins\/seo\/ -->\n<title>Fundazioa - Felipe Gonz\u00e1lez<\/title>\n<meta name=\"robots\" content=\"index, follow, max-snippet:-1, max-image-preview:large, max-video-preview:-1\" \/>\n<link rel=\"canonical\" href=\"https:\/\/www.felipegonzalez.es\/fundacion\/\" \/>\n<meta property=\"og:locale\" content=\"eu_ES\" \/>\n<meta property=\"og:type\" content=\"article\" \/>\n<meta property=\"og:title\" content=\"Fundazioa - Felipe Gonz\u00e1lez\" \/>\n<meta property=\"og:description\" content=\"[vc_row][vc_column][vc_empty_space height=&#8221;50px&#8221;][\/vc_column][\/vc_row][vc_row el_class=&#8221;fund-row&#8221;][vc_column el_class=&#8221;vc-container&#8221;][vc_row_inner][vc_column_inner el_class=&#8221;fund-col-left js-fund-col-left&#8221; width=&#8221;1\/2&#8243;][vc_column_text el_class=&#8221;fund-title&#8221;] Fundazioa [\/vc_column_text][vc_column_text el_class=&#8221;fund-text&#8221;]Geure historia ulertzea, gaurkoa ulertzeko gakoa da, etorkizun ezberdin bati aukera emanez. Hori dela eta sortu zen Felipe Gonz\u00e1lez Fundazioa, helburu bikoitzarekin, iraganetik ikasi eta etorkizunera ekarpena egin. Premisa horiekin, Felipe Gonz\u00e1lez Fundazioak Felipe Gonz\u00e1lez-en artxibo dokumentala kudeatzen ditu herritarron eskura jartzeko asmo berriarekin. Bestalde, [&hellip;]\" \/>\n<meta property=\"og:url\" content=\"https:\/\/www.felipegonzalez.es\/fundacion\/\" \/>\n<meta property=\"og:site_name\" content=\"Felipe Gonz\u00e1lez\" \/>\n<meta property=\"article:modified_time\" content=\"2017-02-27T16:17:17+00:00\" \/>\n<meta name=\"twitter:card\" content=\"summary_large_image\" \/>\n<meta name=\"twitter:label1\" content=\"Est. reading time\" \/>\n\t<meta name=\"twitter:data1\" content=\"1 minute\" \/>\n<script type=\"application\/ld+json\" class=\"yoast-schema-graph\">{\"@context\":\"https:\/\/schema.org\",\"@graph\":[{\"@type\":\"WebPage\",\"@id\":\"https:\/\/www.felipegonzalez.es\/fundacion\/\",\"url\":\"https:\/\/www.felipegonzalez.es\/fundacion\/\",\"name\":\"Fundazioa - Felipe Gonz\u00e1lez\",\"isPartOf\":{\"@id\":\"https:\/\/www.felipegonzalez.es\/#website\"},\"datePublished\":\"2016-12-14T15:26:27+00:00\",\"dateModified\":\"2017-02-27T16:17:17+00:00\",\"breadcrumb\":{\"@id\":\"https:\/\/www.felipegonzalez.es\/fundacion\/#breadcrumb\"},\"inLanguage\":\"eu-ES\",\"potentialAction\":[{\"@type\":\"ReadAction\",\"target\":[\"https:\/\/www.felipegonzalez.es\/fundacion\/\"]}]},{\"@type\":\"BreadcrumbList\",\"@id\":\"https:\/\/www.felipegonzalez.es\/fundacion\/#breadcrumb\",\"itemListElement\":[{\"@type\":\"ListItem\",\"position\":1,\"name\":\"Portada\",\"item\":\"https:\/\/www.felipegonzalez.es\/eu\/\"},{\"@type\":\"ListItem\",\"position\":2,\"name\":\"Fundazioa\"}]},{\"@type\":\"WebSite\",\"@id\":\"https:\/\/www.felipegonzalez.es\/#website\",\"url\":\"https:\/\/www.felipegonzalez.es\/\",\"name\":\"Felipe Gonz\u00e1lez\",\"description\":\"Felipe Gonz\u00e1lez\",\"potentialAction\":[{\"@type\":\"SearchAction\",\"target\":{\"@type\":\"EntryPoint\",\"urlTemplate\":\"https:\/\/www.felipegonzalez.es\/?s={search_term_string}\"},\"query-input\":\"required name=search_term_string\"}],\"inLanguage\":\"eu-ES\"}]}<\/script>\n<!-- \/ Yoast SEO plugin. -->","yoast_head_json":{"title":"Fundazioa - Felipe Gonz\u00e1lez","robots":{"index":"index","follow":"follow","max-snippet":"max-snippet:-1","max-image-preview":"max-image-preview:large","max-video-preview":"max-video-preview:-1"},"canonical":"https:\/\/www.felipegonzalez.es\/fundacion\/","og_locale":"eu_ES","og_type":"article","og_title":"Fundazioa - Felipe Gonz\u00e1lez","og_description":"[vc_row][vc_column][vc_empty_space height=&#8221;50px&#8221;][\/vc_column][\/vc_row][vc_row el_class=&#8221;fund-row&#8221;][vc_column el_class=&#8221;vc-container&#8221;][vc_row_inner][vc_column_inner el_class=&#8221;fund-col-left js-fund-col-left&#8221; width=&#8221;1\/2&#8243;][vc_column_text el_class=&#8221;fund-title&#8221;] Fundazioa [\/vc_column_text][vc_column_text el_class=&#8221;fund-text&#8221;]Geure historia ulertzea, gaurkoa ulertzeko gakoa da, etorkizun ezberdin bati aukera emanez. Hori dela eta sortu zen Felipe Gonz\u00e1lez Fundazioa, helburu bikoitzarekin, iraganetik ikasi eta etorkizunera ekarpena egin. Premisa horiekin, Felipe Gonz\u00e1lez Fundazioak Felipe Gonz\u00e1lez-en artxibo dokumentala kudeatzen ditu herritarron eskura jartzeko asmo berriarekin. Bestalde, [&hellip;]","og_url":"https:\/\/www.felipegonzalez.es\/fundacion\/","og_site_name":"Felipe Gonz\u00e1lez","article_modified_time":"2017-02-27T16:17:17+00:00","twitter_card":"summary_large_image","twitter_misc":{"Est. reading time":"1 minute"},"schema":{"@context":"https:\/\/schema.org","@graph":[{"@type":"WebPage","@id":"https:\/\/www.felipegonzalez.es\/fundacion\/","url":"https:\/\/www.felipegonzalez.es\/fundacion\/","name":"Fundazioa - Felipe Gonz\u00e1lez","isPartOf":{"@id":"https:\/\/www.felipegonzalez.es\/#website"},"datePublished":"2016-12-14T15:26:27+00:00","dateModified":"2017-02-27T16:17:17+00:00","breadcrumb":{"@id":"https:\/\/www.felipegonzalez.es\/fundacion\/#breadcrumb"},"inLanguage":"eu-ES","potentialAction":[{"@type":"ReadAction","target":["https:\/\/www.felipegonzalez.es\/fundacion\/"]}]},{"@type":"BreadcrumbList","@id":"https:\/\/www.felipegonzalez.es\/fundacion\/#breadcrumb","itemListElement":[{"@type":"ListItem","position":1,"name":"Portada","item":"https:\/\/www.felipegonzalez.es\/eu\/"},{"@type":"ListItem","position":2,"name":"Fundazioa"}]},{"@type":"WebSite","@id":"https:\/\/www.felipegonzalez.es\/#website","url":"https:\/\/www.felipegonzalez.es\/","name":"Felipe Gonz\u00e1lez","description":"Felipe Gonz\u00e1lez","potentialAction":[{"@type":"SearchAction","target":{"@type":"EntryPoint","urlTemplate":"https:\/\/www.felipegonzalez.es\/?s={search_term_string}"},"query-input":"required name=search_term_string"}],"inLanguage":"eu-ES"}]}},"_links":{"self":[{"href":"https:\/\/www.felipegonzalez.es\/eu\/wp-json\/wp\/v2\/pages\/1291","targetHints":{"allow":["GET"]}}],"collection":[{"href":"https:\/\/www.felipegonzalez.es\/eu\/wp-json\/wp\/v2\/pages"}],"about":[{"href":"https:\/\/www.felipegonzalez.es\/eu\/wp-json\/wp\/v2\/types\/page"}],"author":[{"embeddable":true,"href":"https:\/\/www.felipegonzalez.es\/eu\/wp-json\/wp\/v2\/users\/3"}],"replies":[{"embeddable":true,"href":"https:\/\/www.felipegonzalez.es\/eu\/wp-json\/wp\/v2\/comments?post=1291"}],"version-history":[{"count":5,"href":"https:\/\/www.felipegonzalez.es\/eu\/wp-json\/wp\/v2\/pages\/1291\/revisions"}],"predecessor-version":[{"id":2483,"href":"https:\/\/www.felipegonzalez.es\/eu\/wp-json\/wp\/v2\/pages\/1291\/revisions\/2483"}],"wp:attachment":[{"href":"https:\/\/www.felipegonzalez.es\/eu\/wp-json\/wp\/v2\/media?parent=1291"}],"curies":[{"name":"wp","href":"https:\/\/api.w.org\/{rel}","templated":true}]}}