{"id":2498,"date":"2016-12-15T09:18:57","date_gmt":"2016-12-15T09:18:57","guid":{"rendered":"http:\/\/www.felipegonzalez.es\/politica-de-cookies\/"},"modified":"2018-02-19T17:30:05","modified_gmt":"2018-02-19T17:30:05","slug":"cookies","status":"publish","type":"page","link":"https:\/\/www.felipegonzalez.es\/eu\/cookies\/","title":{"rendered":"Cookies"},"content":{"rendered":"<p>[vc_row el_class=&#8221;page-header&#8221;][vc_column][vc_column_text]<\/p>\n<h1>Cookies<\/h1>\n<p>[\/vc_column_text][\/vc_column][\/vc_row][vc_row][vc_column][vc_column_text]<\/p>\n<h2>1. \u00bfQu\u00e9 es una cookie?<\/h2>\n<p>Una cookie es un peque\u00f1o archivo que genera una informaci\u00f3n que se guarda en el ordenador, una tableta o un m\u00f3vil cuando el usuario navega en Internet y sirve para que ese dispositivo electr\u00f3nico pueda ser reconocido posteriormente en esa misma web. Las cookies instaladas en nuestra web, ya sean las nuestras, de nuestros socios comerciales u otras partes, no reconocen personalmente al individuo, s\u00f3lo el dispositivo electr\u00f3nico que utilizas. Las cookies no da\u00f1an este dispositivo de forma alguna, sino que permiten acceder a varias funciones importantes del sitio web, por ejemplo, le permiten hacer reservas y volver a p\u00e1ginas que ha buscado antes. Tambi\u00e9n sirven para mantener el sitio web seguro, recordar sus preferencias y personalizar el contenido del sitio web de forma que sea m\u00e1s pertinente para usted. El usuario web tiene la opci\u00f3n en todo momento de permitir y\/o controlar la instalaci\u00f3n y uso de cookies en su dispositivo electr\u00f3nico.<\/p>\n<p>&nbsp;<\/p>\n<p>&nbsp;<\/p>\n<h2>2. Nuestra pol\u00edtica sobre cookies<\/h2>\n<p>Para utilizar este sitio web al completo, y su ordenador, tableta o m\u00f3vil cuando navega en Internet, deber\u00e1 aceptar las cookies ya que muchas funcionalidades online han sido dise\u00f1adas espec\u00edficamente para funcionar por medio del uso de cookies. Es importante se\u00f1alar que las cookies que se han instalado por medio de este sitio web no guardan informaci\u00f3n de car\u00e1cter personal suya o datos sensibles (como su nombre, direcci\u00f3n o datos de pago). Para que la informaci\u00f3n sobre cookies quede m\u00e1s clara, las hemos dividido en 5 categor\u00edas:<\/p>\n<p>&nbsp;<\/p>\n<h3>Cookies fundamentales<\/h3>\n<p>Permiten moverse por el sitio web y utilizar sus funciones (por ejemplo, para acceder a zonas del sitio web con control de seguridad). Sin estas cookies, no podemos prestarle los servicios que ha solicitado (como la utilizaci\u00f3n de las cestas de la compra o el acceso a sus pedidos). Las cookies fundamentales son la \u00fanica categor\u00eda que no es necesario que aceptes para usar nuestro sitio web. Puedes encontrar m\u00e1s informaci\u00f3n relativa a lo que pasa si no permites la instalaci\u00f3n de cookies en la secci\u00f3n correspondiente al final de esta pol\u00edtica. A continuaci\u00f3n enumeramos las &#8216;cookies fundamentales&#8217; principales utilizadas junto con una explicaci\u00f3n de para qu\u00e9 se utilizan: ninguna.<\/p>\n<p>&nbsp;<\/p>\n<h3>Cookies de rendimiento y anal\u00edticas<\/h3>\n<p>Recogen informaci\u00f3n estad\u00edstica sobre c\u00f3mo se utiliza el sitio web (por ejemplo qu\u00e9 p\u00e1ginas visita con m\u00e1s frecuencia y si salen mensajes de error de las p\u00e1ginas web). La informaci\u00f3n agregada de estas cookies \u00fanicamente se utilizar\u00e1 para mejorar el funcionamiento del sitio web. Muchas de estas cookies\u00a0son cookies de terceros\u00a0pero a continuaci\u00f3n enumeramos las principales &#8216;cookies de rendimiento&#8217; que se utilizan con una explicaci\u00f3n de para qu\u00e9 se utilizan: &#8211; Google Analytics: permiten generar un ID de Usuario an\u00f3nimo, y permite hacer contabilizar cuantas veces un usuario ha visitado una web. Registra igualmente la primera y \u00faltima vez que se visit\u00f3 la web. Finalmente calcula cuando acaba una sesi\u00f3n, origen del usuario y las palabras claves usadas. Se trata pues del seguimiento de tr\u00e1fico, visitas, etc.<\/p>\n<p>&nbsp;<\/p>\n<h3>Cookies de funcionalidad<\/h3>\n<p>Recuerdan las opciones que ha elegido en el sitio web (como las distintas b\u00fasquedas que ha hecho) y proporcionan funciones mejores y m\u00e1s personalizadas. Tambi\u00e9n se pueden utilizar para prestar servicios que ha solicitado (como ver un v\u00eddeo o comentar en un blog). Estas cookies no pueden decirnos c\u00f3mo navega o usa otros sitios web, \u00fanicamente por este sitio web. A continuaci\u00f3n enumeramos las &#8216;cookies de funcionalidad&#8217; principales con una explicaci\u00f3n de para qu\u00e9 las utilizamos: ninguna.<\/p>\n<p>&nbsp;<\/p>\n<h3>Cookies de publicidad<\/h3>\n<p>Permiten mostrar publicidad m\u00e1s pertinente para usted y para sus intereses. Tambi\u00e9n se utilizan para limitar la cantidad de veces que ves un anuncio y ayudan a medir la eficiencia de una campa\u00f1a de publicidad. Se trata normalmente de cookies de terceros por lo que pueden ver el apartado siguiente sobre las mismas.<\/p>\n<p>&nbsp;<\/p>\n<h3>Cookies de terceros (es decir, cookies que nosotros no instalamos en su dispositivo)<\/h3>\n<p>No las instalamos nosotros, sino que como su propio nombre indica son instaladas por terceros a trav\u00e9s de sus programas y funcionalidades. Algunos de estos terceros pueden instalar cookies en su ordenador incluyen: &#8211; Google Analytics: permiten generar un ID de Usuario an\u00f3nimo, y permite hacer contabilizar cuantas veces un usuario ha visitado una web. Registra igualmente la primera y \u00faltima vez que se visit\u00f3 la web. Finalmente calcula cuando acaba una sesi\u00f3n, origen del usuario y las palabras claves usadas. Se trata pues del seguimiento de tr\u00e1fico, visitas, etc.<\/p>\n<p>&nbsp;<\/p>\n<p>&nbsp;<\/p>\n<h2>3. Gesti\u00f3n de cookies<\/h2>\n<p>\u00bfQu\u00e9 pasa si no permito la instalaci\u00f3n de cookies? Si no se activan las cookies en su ordenador, tableta o m\u00f3vil, su experiencia en el sitio web puede ser limitada. Por ejemplo, puede que no pueda navegar total y libremente o a\u00f1adir productos a su cesta de la compra y comprarlos.<\/p>\n<p>&nbsp;<\/p>\n<h3>\u00bfC\u00f3mo desactivo\/activo las cookies?<\/h3>\n<p>Para desactivar\/activar cookies de su dispositivo, tendr\u00e1 que hacerlo a trav\u00e9s de su navegador de Internet. A continuaci\u00f3n le explicamos c\u00f3mo puede gestionar las cookies en su ordenador por medio de los principales navegadores. Si desea informaci\u00f3n sobre c\u00f3mo gestionar cookies en su tableta y\/o tel\u00e9fono m\u00f3vil, consulte su manual de empleo o los archivos de ayuda online.<\/p>\n<p>&nbsp;<\/p>\n<h4>Google Chrome<\/h4>\n<ul>\n<li>En el men\u00fa de configuraci\u00f3n, seleccione &#8216;mostrar configuraci\u00f3n avanzada&#8217; en la parte inferior de la p\u00e1gina<\/li>\n<li>Seleccione la tecla de &#8216;configuraci\u00f3n de contenido&#8217; en la secci\u00f3n de privacidad<\/li>\n<li>La secci\u00f3n de la parte superior de la p\u00e1gina que aparece le da informaci\u00f3n sobre las cookies y le permite fijar las cookies que quiere. Tambi\u00e9n le permite borrar cualquier cookie que tenga almacenada en ese momento.<\/li>\n<\/ul>\n<p>&nbsp;<\/p>\n<h4>Mozilla Firefox<\/h4>\n<ul>\n<li>En el men\u00fa de herramientas, seleccione &#8216;opciones&#8217;<\/li>\n<li>Seleccione la etiqueta de privacidad en el recuadro de opciones<\/li>\n<li>Del men\u00fa desplegable elija &#8216;usar configuraci\u00f3n personalizada para el historial&#8217;. Esto mostrar\u00e1 las opciones de cookies y podr\u00e1 optar por activarlas o desactivarlas marcando la casilla correspondiente.<\/li>\n<\/ul>\n<p>&nbsp;<\/p>\n<h4>Internet Explorer 6+<\/h4>\n<ul>\n<li>En el men\u00fa de herramientas, seleccione &#8216;Opciones de Internet&#8217;<\/li>\n<li>Haga clic en la pesta\u00f1a de privacidad<\/li>\n<li>Ver\u00e1 un cursor de desplazamiento para configurar la privacidad que tiene seis posiciones que le permiten controlar la cantidad de cookies que se instalar\u00e1n: Bloquear todas las cookies, Alta, Media Alto, Media (nivel por defecto), Baja, y Aceptar todas las cookies.<\/li>\n<\/ul>\n<p>&nbsp;<\/p>\n<h4>Safari browser<\/h4>\n<ul>\n<li>En el men\u00fa de configuraci\u00f3n, seleccione la opci\u00f3n de &#8216;preferencias&#8217;<\/li>\n<\/ul>\n<p>[\/vc_column_text][\/vc_column][\/vc_row]<\/p>\n","protected":false},"excerpt":{"rendered":"<p>[vc_row el_class=&#8221;page-header&#8221;][vc_column][vc_column_text] Cookies [\/vc_column_text][\/vc_column][\/vc_row][vc_row][vc_column][vc_column_text] 1. \u00bfQu\u00e9 es una cookie? Una cookie es un peque\u00f1o archivo que genera una informaci\u00f3n que se guarda en el ordenador, una tableta o un m\u00f3vil cuando el usuario navega en Internet y sirve para que ese dispositivo electr\u00f3nico pueda ser reconocido posteriormente en esa misma web. Las cookies instaladas en [&hellip;]<\/p>\n","protected":false},"author":3,"featured_media":0,"parent":0,"menu_order":0,"comment_status":"closed","ping_status":"closed","template":"page-info.php","meta":{"footnotes":""},"class_list":["post-2498","page","type-page","status-publish","hentry"],"yoast_head":"<!-- This site is optimized with the Yoast SEO plugin v21.1 - https:\/\/yoast.com\/wordpress\/plugins\/seo\/ -->\n<title>Felipe Gonz\u00e1lez. Cookies<\/title>\n<meta name=\"robots\" content=\"index, follow, max-snippet:-1, max-image-preview:large, max-video-preview:-1\" \/>\n<link rel=\"canonical\" href=\"https:\/\/www.felipegonzalez.es\/politica-de-cookies\/\" \/>\n<meta property=\"og:locale\" content=\"eu_ES\" \/>\n<meta property=\"og:type\" content=\"article\" \/>\n<meta property=\"og:title\" content=\"Felipe Gonz\u00e1lez. Cookies\" \/>\n<meta property=\"og:description\" content=\"[vc_row el_class=&#8221;page-header&#8221;][vc_column][vc_column_text] Cookies [\/vc_column_text][\/vc_column][\/vc_row][vc_row][vc_column][vc_column_text] 1. \u00bfQu\u00e9 es una cookie? Una cookie es un peque\u00f1o archivo que genera una informaci\u00f3n que se guarda en el ordenador, una tableta o un m\u00f3vil cuando el usuario navega en Internet y sirve para que ese dispositivo electr\u00f3nico pueda ser reconocido posteriormente en esa misma web. Las cookies instaladas en [&hellip;]\" \/>\n<meta property=\"og:url\" content=\"https:\/\/www.felipegonzalez.es\/politica-de-cookies\/\" \/>\n<meta property=\"og:site_name\" content=\"Felipe Gonz\u00e1lez\" \/>\n<meta property=\"article:modified_time\" content=\"2018-02-19T17:30:05+00:00\" \/>\n<meta name=\"twitter:card\" content=\"summary_large_image\" \/>\n<meta name=\"twitter:label1\" content=\"Est. reading time\" \/>\n\t<meta name=\"twitter:data1\" content=\"6 minutes\" \/>\n<script type=\"application\/ld+json\" class=\"yoast-schema-graph\">{\"@context\":\"https:\/\/schema.org\",\"@graph\":[{\"@type\":\"WebPage\",\"@id\":\"https:\/\/www.felipegonzalez.es\/politica-de-cookies\/\",\"url\":\"https:\/\/www.felipegonzalez.es\/politica-de-cookies\/\",\"name\":\"Felipe Gonz\u00e1lez. Cookies\",\"isPartOf\":{\"@id\":\"https:\/\/www.felipegonzalez.es\/#website\"},\"datePublished\":\"2016-12-15T09:18:57+00:00\",\"dateModified\":\"2018-02-19T17:30:05+00:00\",\"breadcrumb\":{\"@id\":\"https:\/\/www.felipegonzalez.es\/politica-de-cookies\/#breadcrumb\"},\"inLanguage\":\"eu-ES\",\"potentialAction\":[{\"@type\":\"ReadAction\",\"target\":[\"https:\/\/www.felipegonzalez.es\/politica-de-cookies\/\"]}]},{\"@type\":\"BreadcrumbList\",\"@id\":\"https:\/\/www.felipegonzalez.es\/politica-de-cookies\/#breadcrumb\",\"itemListElement\":[{\"@type\":\"ListItem\",\"position\":1,\"name\":\"Portada\",\"item\":\"https:\/\/www.felipegonzalez.es\/eu\/\"},{\"@type\":\"ListItem\",\"position\":2,\"name\":\"Cookies\"}]},{\"@type\":\"WebSite\",\"@id\":\"https:\/\/www.felipegonzalez.es\/#website\",\"url\":\"https:\/\/www.felipegonzalez.es\/\",\"name\":\"Felipe Gonz\u00e1lez\",\"description\":\"Felipe Gonz\u00e1lez\",\"potentialAction\":[{\"@type\":\"SearchAction\",\"target\":{\"@type\":\"EntryPoint\",\"urlTemplate\":\"https:\/\/www.felipegonzalez.es\/?s={search_term_string}\"},\"query-input\":\"required name=search_term_string\"}],\"inLanguage\":\"eu-ES\"}]}<\/script>\n<!-- \/ Yoast SEO plugin. -->","yoast_head_json":{"title":"Felipe Gonz\u00e1lez. Cookies","robots":{"index":"index","follow":"follow","max-snippet":"max-snippet:-1","max-image-preview":"max-image-preview:large","max-video-preview":"max-video-preview:-1"},"canonical":"https:\/\/www.felipegonzalez.es\/politica-de-cookies\/","og_locale":"eu_ES","og_type":"article","og_title":"Felipe Gonz\u00e1lez. Cookies","og_description":"[vc_row el_class=&#8221;page-header&#8221;][vc_column][vc_column_text] Cookies [\/vc_column_text][\/vc_column][\/vc_row][vc_row][vc_column][vc_column_text] 1. \u00bfQu\u00e9 es una cookie? Una cookie es un peque\u00f1o archivo que genera una informaci\u00f3n que se guarda en el ordenador, una tableta o un m\u00f3vil cuando el usuario navega en Internet y sirve para que ese dispositivo electr\u00f3nico pueda ser reconocido posteriormente en esa misma web. Las cookies instaladas en [&hellip;]","og_url":"https:\/\/www.felipegonzalez.es\/politica-de-cookies\/","og_site_name":"Felipe Gonz\u00e1lez","article_modified_time":"2018-02-19T17:30:05+00:00","twitter_card":"summary_large_image","twitter_misc":{"Est. reading time":"6 minutes"},"schema":{"@context":"https:\/\/schema.org","@graph":[{"@type":"WebPage","@id":"https:\/\/www.felipegonzalez.es\/politica-de-cookies\/","url":"https:\/\/www.felipegonzalez.es\/politica-de-cookies\/","name":"Felipe Gonz\u00e1lez. Cookies","isPartOf":{"@id":"https:\/\/www.felipegonzalez.es\/#website"},"datePublished":"2016-12-15T09:18:57+00:00","dateModified":"2018-02-19T17:30:05+00:00","breadcrumb":{"@id":"https:\/\/www.felipegonzalez.es\/politica-de-cookies\/#breadcrumb"},"inLanguage":"eu-ES","potentialAction":[{"@type":"ReadAction","target":["https:\/\/www.felipegonzalez.es\/politica-de-cookies\/"]}]},{"@type":"BreadcrumbList","@id":"https:\/\/www.felipegonzalez.es\/politica-de-cookies\/#breadcrumb","itemListElement":[{"@type":"ListItem","position":1,"name":"Portada","item":"https:\/\/www.felipegonzalez.es\/eu\/"},{"@type":"ListItem","position":2,"name":"Cookies"}]},{"@type":"WebSite","@id":"https:\/\/www.felipegonzalez.es\/#website","url":"https:\/\/www.felipegonzalez.es\/","name":"Felipe Gonz\u00e1lez","description":"Felipe Gonz\u00e1lez","potentialAction":[{"@type":"SearchAction","target":{"@type":"EntryPoint","urlTemplate":"https:\/\/www.felipegonzalez.es\/?s={search_term_string}"},"query-input":"required name=search_term_string"}],"inLanguage":"eu-ES"}]}},"_links":{"self":[{"href":"https:\/\/www.felipegonzalez.es\/eu\/wp-json\/wp\/v2\/pages\/2498","targetHints":{"allow":["GET"]}}],"collection":[{"href":"https:\/\/www.felipegonzalez.es\/eu\/wp-json\/wp\/v2\/pages"}],"about":[{"href":"https:\/\/www.felipegonzalez.es\/eu\/wp-json\/wp\/v2\/types\/page"}],"author":[{"embeddable":true,"href":"https:\/\/www.felipegonzalez.es\/eu\/wp-json\/wp\/v2\/users\/3"}],"replies":[{"embeddable":true,"href":"https:\/\/www.felipegonzalez.es\/eu\/wp-json\/wp\/v2\/comments?post=2498"}],"version-history":[{"count":2,"href":"https:\/\/www.felipegonzalez.es\/eu\/wp-json\/wp\/v2\/pages\/2498\/revisions"}],"predecessor-version":[{"id":3054,"href":"https:\/\/www.felipegonzalez.es\/eu\/wp-json\/wp\/v2\/pages\/2498\/revisions\/3054"}],"wp:attachment":[{"href":"https:\/\/www.felipegonzalez.es\/eu\/wp-json\/wp\/v2\/media?parent=2498"}],"curies":[{"name":"wp","href":"https:\/\/api.w.org\/{rel}","templated":true}]}}