{"id":2507,"date":"2016-12-15T11:16:48","date_gmt":"2016-12-15T11:16:48","guid":{"rendered":"http:\/\/www.felipegonzalez.es\/politica-de-propiedad-intelectual-industrial-y-derechos-de-los-usuarios\/"},"modified":"2018-02-19T17:31:20","modified_gmt":"2018-02-19T17:31:20","slug":"jabetza-intelektualari-buruzko-politika","status":"publish","type":"page","link":"https:\/\/www.felipegonzalez.es\/eu\/jabetza-intelektualari-buruzko-politika\/","title":{"rendered":"Jabetza intelektualari buruzko politika"},"content":{"rendered":"<p>[vc_row el_class=&#8221;page-header&#8221;][vc_column][vc_column_text]<\/p>\n<h1>Jabetza intelektualari buruzko politika<\/h1>\n<p>[\/vc_column_text][\/vc_column][\/vc_row][vc_row][vc_column][vc_column_text]El usuario de la web no puede reproducir, copiar, distribuir, poner a disposici\u00f3n o de cualquier otra forma de comunicar p\u00fablicamente, transformar o modificar los contenidos, a menos que cuente con la autorizaci\u00f3n expresa y por escrito de la Fundaci\u00f3n Felipe Gonz\u00e1lez o disponga de una habilitaci\u00f3n legal.<\/p>\n<p>Todo el archivo fotogr\u00e1fico y contenidos de la web son titularidad exclusiva de la Fundaci\u00f3n, o de terceros* que han autorizado su inclusi\u00f3n en el sitio web incluyendo, con car\u00e1cter enunciativo, que no limitativo, el dise\u00f1o gr\u00e1fico, c\u00f3digo fuente, logos, textos, gr\u00e1ficos, ilustraciones, fotograf\u00edas y cualquier otro elemento que aparezca en la web.<\/p>\n<p>* Fotograf\u00edas cortes\u00eda de Pablo Juli\u00e1, Marisa Florez y archivo de la Fundaci\u00f3n Felipe Gonz\u00e1lez.[\/vc_column_text][\/vc_column][\/vc_row]<\/p>\n","protected":false},"excerpt":{"rendered":"<p>[vc_row el_class=&#8221;page-header&#8221;][vc_column][vc_column_text] Jabetza intelektualari buruzko politika [\/vc_column_text][\/vc_column][\/vc_row][vc_row][vc_column][vc_column_text]El usuario de la web no puede reproducir, copiar, distribuir, poner a disposici\u00f3n o de cualquier otra forma de comunicar p\u00fablicamente, transformar o modificar los contenidos, a menos que cuente con la autorizaci\u00f3n expresa y por escrito de la Fundaci\u00f3n Felipe Gonz\u00e1lez o disponga de una habilitaci\u00f3n legal. Todo [&hellip;]<\/p>\n","protected":false},"author":3,"featured_media":0,"parent":0,"menu_order":0,"comment_status":"closed","ping_status":"closed","template":"page-info.php","meta":{"footnotes":""},"class_list":["post-2507","page","type-page","status-publish","hentry"],"yoast_head":"<!-- This site is optimized with the Yoast SEO plugin v21.1 - https:\/\/yoast.com\/wordpress\/plugins\/seo\/ -->\n<title>Jabetza intelektualari buruzko politika - Felipe Gonz\u00e1lez<\/title>\n<meta name=\"robots\" content=\"index, follow, max-snippet:-1, max-image-preview:large, max-video-preview:-1\" \/>\n<link rel=\"canonical\" href=\"https:\/\/www.felipegonzalez.es\/politica-de-propiedad-intelectual-industrial-y-derechos-de-los-usuarios\/\" \/>\n<meta property=\"og:locale\" content=\"eu_ES\" \/>\n<meta property=\"og:type\" content=\"article\" \/>\n<meta property=\"og:title\" content=\"Jabetza intelektualari buruzko politika - Felipe Gonz\u00e1lez\" \/>\n<meta property=\"og:description\" content=\"[vc_row el_class=&#8221;page-header&#8221;][vc_column][vc_column_text] Jabetza intelektualari buruzko politika [\/vc_column_text][\/vc_column][\/vc_row][vc_row][vc_column][vc_column_text]El usuario de la web no puede reproducir, copiar, distribuir, poner a disposici\u00f3n o de cualquier otra forma de comunicar p\u00fablicamente, transformar o modificar los contenidos, a menos que cuente con la autorizaci\u00f3n expresa y por escrito de la Fundaci\u00f3n Felipe Gonz\u00e1lez o disponga de una habilitaci\u00f3n legal. Todo [&hellip;]\" \/>\n<meta property=\"og:url\" content=\"https:\/\/www.felipegonzalez.es\/politica-de-propiedad-intelectual-industrial-y-derechos-de-los-usuarios\/\" \/>\n<meta property=\"og:site_name\" content=\"Felipe Gonz\u00e1lez\" \/>\n<meta property=\"article:modified_time\" content=\"2018-02-19T17:31:20+00:00\" \/>\n<meta name=\"twitter:card\" content=\"summary_large_image\" \/>\n<meta name=\"twitter:label1\" content=\"Est. reading time\" \/>\n\t<meta name=\"twitter:data1\" content=\"1 minute\" \/>\n<script type=\"application\/ld+json\" class=\"yoast-schema-graph\">{\"@context\":\"https:\/\/schema.org\",\"@graph\":[{\"@type\":\"WebPage\",\"@id\":\"https:\/\/www.felipegonzalez.es\/politica-de-propiedad-intelectual-industrial-y-derechos-de-los-usuarios\/\",\"url\":\"https:\/\/www.felipegonzalez.es\/politica-de-propiedad-intelectual-industrial-y-derechos-de-los-usuarios\/\",\"name\":\"Jabetza intelektualari buruzko politika - Felipe Gonz\u00e1lez\",\"isPartOf\":{\"@id\":\"https:\/\/www.felipegonzalez.es\/#website\"},\"datePublished\":\"2016-12-15T11:16:48+00:00\",\"dateModified\":\"2018-02-19T17:31:20+00:00\",\"breadcrumb\":{\"@id\":\"https:\/\/www.felipegonzalez.es\/politica-de-propiedad-intelectual-industrial-y-derechos-de-los-usuarios\/#breadcrumb\"},\"inLanguage\":\"eu-ES\",\"potentialAction\":[{\"@type\":\"ReadAction\",\"target\":[\"https:\/\/www.felipegonzalez.es\/politica-de-propiedad-intelectual-industrial-y-derechos-de-los-usuarios\/\"]}]},{\"@type\":\"BreadcrumbList\",\"@id\":\"https:\/\/www.felipegonzalez.es\/politica-de-propiedad-intelectual-industrial-y-derechos-de-los-usuarios\/#breadcrumb\",\"itemListElement\":[{\"@type\":\"ListItem\",\"position\":1,\"name\":\"Portada\",\"item\":\"https:\/\/www.felipegonzalez.es\/eu\/\"},{\"@type\":\"ListItem\",\"position\":2,\"name\":\"Jabetza intelektualari buruzko politika\"}]},{\"@type\":\"WebSite\",\"@id\":\"https:\/\/www.felipegonzalez.es\/#website\",\"url\":\"https:\/\/www.felipegonzalez.es\/\",\"name\":\"Felipe Gonz\u00e1lez\",\"description\":\"Felipe Gonz\u00e1lez\",\"potentialAction\":[{\"@type\":\"SearchAction\",\"target\":{\"@type\":\"EntryPoint\",\"urlTemplate\":\"https:\/\/www.felipegonzalez.es\/?s={search_term_string}\"},\"query-input\":\"required name=search_term_string\"}],\"inLanguage\":\"eu-ES\"}]}<\/script>\n<!-- \/ Yoast SEO plugin. -->","yoast_head_json":{"title":"Jabetza intelektualari buruzko politika - Felipe Gonz\u00e1lez","robots":{"index":"index","follow":"follow","max-snippet":"max-snippet:-1","max-image-preview":"max-image-preview:large","max-video-preview":"max-video-preview:-1"},"canonical":"https:\/\/www.felipegonzalez.es\/politica-de-propiedad-intelectual-industrial-y-derechos-de-los-usuarios\/","og_locale":"eu_ES","og_type":"article","og_title":"Jabetza intelektualari buruzko politika - Felipe Gonz\u00e1lez","og_description":"[vc_row el_class=&#8221;page-header&#8221;][vc_column][vc_column_text] Jabetza intelektualari buruzko politika [\/vc_column_text][\/vc_column][\/vc_row][vc_row][vc_column][vc_column_text]El usuario de la web no puede reproducir, copiar, distribuir, poner a disposici\u00f3n o de cualquier otra forma de comunicar p\u00fablicamente, transformar o modificar los contenidos, a menos que cuente con la autorizaci\u00f3n expresa y por escrito de la Fundaci\u00f3n Felipe Gonz\u00e1lez o disponga de una habilitaci\u00f3n legal. Todo [&hellip;]","og_url":"https:\/\/www.felipegonzalez.es\/politica-de-propiedad-intelectual-industrial-y-derechos-de-los-usuarios\/","og_site_name":"Felipe Gonz\u00e1lez","article_modified_time":"2018-02-19T17:31:20+00:00","twitter_card":"summary_large_image","twitter_misc":{"Est. reading time":"1 minute"},"schema":{"@context":"https:\/\/schema.org","@graph":[{"@type":"WebPage","@id":"https:\/\/www.felipegonzalez.es\/politica-de-propiedad-intelectual-industrial-y-derechos-de-los-usuarios\/","url":"https:\/\/www.felipegonzalez.es\/politica-de-propiedad-intelectual-industrial-y-derechos-de-los-usuarios\/","name":"Jabetza intelektualari buruzko politika - Felipe Gonz\u00e1lez","isPartOf":{"@id":"https:\/\/www.felipegonzalez.es\/#website"},"datePublished":"2016-12-15T11:16:48+00:00","dateModified":"2018-02-19T17:31:20+00:00","breadcrumb":{"@id":"https:\/\/www.felipegonzalez.es\/politica-de-propiedad-intelectual-industrial-y-derechos-de-los-usuarios\/#breadcrumb"},"inLanguage":"eu-ES","potentialAction":[{"@type":"ReadAction","target":["https:\/\/www.felipegonzalez.es\/politica-de-propiedad-intelectual-industrial-y-derechos-de-los-usuarios\/"]}]},{"@type":"BreadcrumbList","@id":"https:\/\/www.felipegonzalez.es\/politica-de-propiedad-intelectual-industrial-y-derechos-de-los-usuarios\/#breadcrumb","itemListElement":[{"@type":"ListItem","position":1,"name":"Portada","item":"https:\/\/www.felipegonzalez.es\/eu\/"},{"@type":"ListItem","position":2,"name":"Jabetza intelektualari buruzko politika"}]},{"@type":"WebSite","@id":"https:\/\/www.felipegonzalez.es\/#website","url":"https:\/\/www.felipegonzalez.es\/","name":"Felipe Gonz\u00e1lez","description":"Felipe Gonz\u00e1lez","potentialAction":[{"@type":"SearchAction","target":{"@type":"EntryPoint","urlTemplate":"https:\/\/www.felipegonzalez.es\/?s={search_term_string}"},"query-input":"required name=search_term_string"}],"inLanguage":"eu-ES"}]}},"_links":{"self":[{"href":"https:\/\/www.felipegonzalez.es\/eu\/wp-json\/wp\/v2\/pages\/2507","targetHints":{"allow":["GET"]}}],"collection":[{"href":"https:\/\/www.felipegonzalez.es\/eu\/wp-json\/wp\/v2\/pages"}],"about":[{"href":"https:\/\/www.felipegonzalez.es\/eu\/wp-json\/wp\/v2\/types\/page"}],"author":[{"embeddable":true,"href":"https:\/\/www.felipegonzalez.es\/eu\/wp-json\/wp\/v2\/users\/3"}],"replies":[{"embeddable":true,"href":"https:\/\/www.felipegonzalez.es\/eu\/wp-json\/wp\/v2\/comments?post=2507"}],"version-history":[{"count":3,"href":"https:\/\/www.felipegonzalez.es\/eu\/wp-json\/wp\/v2\/pages\/2507\/revisions"}],"predecessor-version":[{"id":3053,"href":"https:\/\/www.felipegonzalez.es\/eu\/wp-json\/wp\/v2\/pages\/2507\/revisions\/3053"}],"wp:attachment":[{"href":"https:\/\/www.felipegonzalez.es\/eu\/wp-json\/wp\/v2\/media?parent=2507"}],"curies":[{"name":"wp","href":"https:\/\/api.w.org\/{rel}","templated":true}]}}