{"id":2514,"date":"2016-12-15T11:12:16","date_gmt":"2016-12-15T11:12:16","guid":{"rendered":"http:\/\/www.felipegonzalez.es\/politica-de-proteccion-de-datos\/"},"modified":"2018-02-19T17:33:54","modified_gmt":"2018-02-19T17:33:54","slug":"pribatutasun-politika","status":"publish","type":"page","link":"https:\/\/www.felipegonzalez.es\/eu\/pribatutasun-politika\/","title":{"rendered":"Pribatutasun Politika"},"content":{"rendered":"<p>[vc_row el_class=&#8221;page-header&#8221;][vc_column][vc_column_text]<\/p>\n<h1>Pribatutasun politika<\/h1>\n<p>[\/vc_column_text][\/vc_column][\/vc_row][vc_row][vc_column][vc_column_text]De conformidad con lo establecido en los art\u00edculos 5 y 6 de la Ley Org\u00e1nica 15\/1999 de 13 de diciembre de Protecci\u00f3n de Datos de Car\u00e1cter Personal, le informamos que los datos de car\u00e1cter personal que aparecen en la web <a href=\"https:\/\/www.felipegonzalez.es\" target=\"_blank\" rel=\"noopener\">www.felipegonzalez.es<\/a>, o los recogidos a trav\u00e9s de los formularios de contacto o de suscripci\u00f3n, se encuentran incorporados en los ficheros denominados \u201cARCHIVO\u201d y \u201cBENEFICIARIOS\u201d todos ellos responsabilidad de la FUNDACION FELIPE GONZALEZ con la finalidad de poder cumplir con sus fines fundacionales, entre ellos la puesta a disposici\u00f3n del archivo fotogr\u00e1fico de la trayectoria personal, profesional, pol\u00edtica e institucional de Don Felipe Gonz\u00e1lez M\u00e1rquez, en el caso del primer fichero, y la promoci\u00f3n de sus actividades mediante envi\u00f3 de comunicaciones o boletines informativos al correo electr\u00f3nico que nos facilite, o publicando o contestando a sus solicitudes o comentarios en el caso del segundo fichero.<\/p>\n<p>&nbsp;<\/p>\n<p>Respecto al formulario de contacto se le informa que no se admitir\u00e1n comentarios ofensivos, discriminatorios o que contravengan la legislaci\u00f3n vigente, especialmente lo relativo. Todas las solicitudes o comentarios ser\u00e1n sometidos a revisi\u00f3n antes de ser contestados o publicados.<\/p>\n<p>&nbsp;<\/p>\n<p>Respecto al correo electr\u00f3nico al facilitarlo nos autoriza expresamente a el envi\u00f3 de comunicaciones electr\u00f3nicas sobre las actividades de la FUNDACION FELIPE GONZALEZ o del propio Don Felipe Gonzalez M\u00e1rquez a t\u00edtulo personal o profesional.<\/p>\n<p>&nbsp;<\/p>\n<p>FUNDACION FELIPE GONZALEZ se compromete al cumplimiento de su obligaci\u00f3n de secreto de los datos de car\u00e1cter personal y de su deber de guardarlos y adoptar\u00e1 todas las medidas de \u00edndole t\u00e9cnica y organizativa para garantizar la seguridad de los datos de car\u00e1cter personal y evitar su alteraci\u00f3n, p\u00e9rdida, tratamiento o acceso no autorizado, habida cuenta del estado de la tecnolog\u00eda, la naturaleza de los datos almacenados y los riesgos a que est\u00e9n expuestos, todo ello de conformidad con lo establecido en el Real Decreto 1720\/2007.<\/p>\n<p>&nbsp;<\/p>\n<p>El sitio web dispone de las medidas de seguridad de la informaci\u00f3n, generalmente utilizadas por ejemplo: firewalls, procedimientos de control de acceso y mecanismos criptogr\u00e1ficos, con el objeto de evitar el acceso no autorizado a los datos facilitados.<\/p>\n<p>&nbsp;<\/p>\n<p>El usuario de la web <a href=\"https:\/\/www.felipegonzalez.es\" target=\"_blank\" rel=\"noopener\">www.felipegonzalez.es<\/a> podr\u00e1 en cualquier momento ejercer sus derechos de acceso, rectificaci\u00f3n, cancelaci\u00f3n y oposici\u00f3n en los t\u00e9rminos establecidos en la Ley Org\u00e1nica 15\/1999, dirigi\u00e9ndose a FUNDACION FELIPE GONZALEZ, en la siguiente direcci\u00f3n: CALLE SEGUNDO MATA 1, 28224-POZUELO DE ALARCON (MADRID) o en el correo electr\u00f3nico <a href=\"mailto:info@fundacionfelipegonzalez.org\">info@fundacionfelipegonzalez.org<\/a>[\/vc_column_text][\/vc_column][\/vc_row]<\/p>\n","protected":false},"excerpt":{"rendered":"<p>[vc_row el_class=&#8221;page-header&#8221;][vc_column][vc_column_text] Pribatutasun politika [\/vc_column_text][\/vc_column][\/vc_row][vc_row][vc_column][vc_column_text]De conformidad con lo establecido en los art\u00edculos 5 y 6 de la Ley Org\u00e1nica 15\/1999 de 13 de diciembre de Protecci\u00f3n de Datos de Car\u00e1cter Personal, le informamos que los datos de car\u00e1cter personal que aparecen en la web www.felipegonzalez.es, o los recogidos a trav\u00e9s de los formularios de contacto [&hellip;]<\/p>\n","protected":false},"author":3,"featured_media":0,"parent":0,"menu_order":0,"comment_status":"closed","ping_status":"closed","template":"page-info.php","meta":{"footnotes":""},"class_list":["post-2514","page","type-page","status-publish","hentry"],"yoast_head":"<!-- This site is optimized with the Yoast SEO plugin v21.1 - https:\/\/yoast.com\/wordpress\/plugins\/seo\/ -->\n<title>Pribatutasun politika. Web Felipe Gonz\u00e1lez<\/title>\n<meta name=\"robots\" content=\"index, follow, max-snippet:-1, max-image-preview:large, max-video-preview:-1\" \/>\n<link rel=\"canonical\" href=\"https:\/\/www.felipegonzalez.es\/eu\/pribatutasun-politika\/\" \/>\n<meta property=\"og:locale\" content=\"eu_ES\" \/>\n<meta property=\"og:type\" content=\"article\" \/>\n<meta property=\"og:title\" content=\"Pribatutasun politika. Web Felipe Gonz\u00e1lez\" \/>\n<meta property=\"og:description\" content=\"[vc_row el_class=&#8221;page-header&#8221;][vc_column][vc_column_text] Pribatutasun politika [\/vc_column_text][\/vc_column][\/vc_row][vc_row][vc_column][vc_column_text]De conformidad con lo establecido en los art\u00edculos 5 y 6 de la Ley Org\u00e1nica 15\/1999 de 13 de diciembre de Protecci\u00f3n de Datos de Car\u00e1cter Personal, le informamos que los datos de car\u00e1cter personal que aparecen en la web www.felipegonzalez.es, o los recogidos a trav\u00e9s de los formularios de contacto [&hellip;]\" \/>\n<meta property=\"og:url\" content=\"https:\/\/www.felipegonzalez.es\/eu\/pribatutasun-politika\/\" \/>\n<meta property=\"og:site_name\" content=\"Felipe Gonz\u00e1lez\" \/>\n<meta property=\"article:modified_time\" content=\"2018-02-19T17:33:54+00:00\" \/>\n<meta name=\"twitter:card\" content=\"summary_large_image\" \/>\n<meta name=\"twitter:label1\" content=\"Est. reading time\" \/>\n\t<meta name=\"twitter:data1\" content=\"2 minutes\" \/>\n<script type=\"application\/ld+json\" class=\"yoast-schema-graph\">{\"@context\":\"https:\/\/schema.org\",\"@graph\":[{\"@type\":\"WebPage\",\"@id\":\"https:\/\/www.felipegonzalez.es\/eu\/pribatutasun-politika\/\",\"url\":\"https:\/\/www.felipegonzalez.es\/eu\/pribatutasun-politika\/\",\"name\":\"Pribatutasun politika. Web Felipe Gonz\u00e1lez\",\"isPartOf\":{\"@id\":\"https:\/\/www.felipegonzalez.es\/#website\"},\"datePublished\":\"2016-12-15T11:12:16+00:00\",\"dateModified\":\"2018-02-19T17:33:54+00:00\",\"breadcrumb\":{\"@id\":\"https:\/\/www.felipegonzalez.es\/eu\/pribatutasun-politika\/#breadcrumb\"},\"inLanguage\":\"eu-ES\",\"potentialAction\":[{\"@type\":\"ReadAction\",\"target\":[\"https:\/\/www.felipegonzalez.es\/eu\/pribatutasun-politika\/\"]}]},{\"@type\":\"BreadcrumbList\",\"@id\":\"https:\/\/www.felipegonzalez.es\/eu\/pribatutasun-politika\/#breadcrumb\",\"itemListElement\":[{\"@type\":\"ListItem\",\"position\":1,\"name\":\"Portada\",\"item\":\"https:\/\/www.felipegonzalez.es\/eu\/\"},{\"@type\":\"ListItem\",\"position\":2,\"name\":\"Pribatutasun Politika\"}]},{\"@type\":\"WebSite\",\"@id\":\"https:\/\/www.felipegonzalez.es\/#website\",\"url\":\"https:\/\/www.felipegonzalez.es\/\",\"name\":\"Felipe Gonz\u00e1lez\",\"description\":\"Felipe Gonz\u00e1lez\",\"potentialAction\":[{\"@type\":\"SearchAction\",\"target\":{\"@type\":\"EntryPoint\",\"urlTemplate\":\"https:\/\/www.felipegonzalez.es\/?s={search_term_string}\"},\"query-input\":\"required name=search_term_string\"}],\"inLanguage\":\"eu-ES\"}]}<\/script>\n<!-- \/ Yoast SEO plugin. -->","yoast_head_json":{"title":"Pribatutasun politika. Web Felipe Gonz\u00e1lez","robots":{"index":"index","follow":"follow","max-snippet":"max-snippet:-1","max-image-preview":"max-image-preview:large","max-video-preview":"max-video-preview:-1"},"canonical":"https:\/\/www.felipegonzalez.es\/eu\/pribatutasun-politika\/","og_locale":"eu_ES","og_type":"article","og_title":"Pribatutasun politika. Web Felipe Gonz\u00e1lez","og_description":"[vc_row el_class=&#8221;page-header&#8221;][vc_column][vc_column_text] Pribatutasun politika [\/vc_column_text][\/vc_column][\/vc_row][vc_row][vc_column][vc_column_text]De conformidad con lo establecido en los art\u00edculos 5 y 6 de la Ley Org\u00e1nica 15\/1999 de 13 de diciembre de Protecci\u00f3n de Datos de Car\u00e1cter Personal, le informamos que los datos de car\u00e1cter personal que aparecen en la web www.felipegonzalez.es, o los recogidos a trav\u00e9s de los formularios de contacto [&hellip;]","og_url":"https:\/\/www.felipegonzalez.es\/eu\/pribatutasun-politika\/","og_site_name":"Felipe Gonz\u00e1lez","article_modified_time":"2018-02-19T17:33:54+00:00","twitter_card":"summary_large_image","twitter_misc":{"Est. reading time":"2 minutes"},"schema":{"@context":"https:\/\/schema.org","@graph":[{"@type":"WebPage","@id":"https:\/\/www.felipegonzalez.es\/eu\/pribatutasun-politika\/","url":"https:\/\/www.felipegonzalez.es\/eu\/pribatutasun-politika\/","name":"Pribatutasun politika. Web Felipe Gonz\u00e1lez","isPartOf":{"@id":"https:\/\/www.felipegonzalez.es\/#website"},"datePublished":"2016-12-15T11:12:16+00:00","dateModified":"2018-02-19T17:33:54+00:00","breadcrumb":{"@id":"https:\/\/www.felipegonzalez.es\/eu\/pribatutasun-politika\/#breadcrumb"},"inLanguage":"eu-ES","potentialAction":[{"@type":"ReadAction","target":["https:\/\/www.felipegonzalez.es\/eu\/pribatutasun-politika\/"]}]},{"@type":"BreadcrumbList","@id":"https:\/\/www.felipegonzalez.es\/eu\/pribatutasun-politika\/#breadcrumb","itemListElement":[{"@type":"ListItem","position":1,"name":"Portada","item":"https:\/\/www.felipegonzalez.es\/eu\/"},{"@type":"ListItem","position":2,"name":"Pribatutasun Politika"}]},{"@type":"WebSite","@id":"https:\/\/www.felipegonzalez.es\/#website","url":"https:\/\/www.felipegonzalez.es\/","name":"Felipe Gonz\u00e1lez","description":"Felipe Gonz\u00e1lez","potentialAction":[{"@type":"SearchAction","target":{"@type":"EntryPoint","urlTemplate":"https:\/\/www.felipegonzalez.es\/?s={search_term_string}"},"query-input":"required name=search_term_string"}],"inLanguage":"eu-ES"}]}},"_links":{"self":[{"href":"https:\/\/www.felipegonzalez.es\/eu\/wp-json\/wp\/v2\/pages\/2514","targetHints":{"allow":["GET"]}}],"collection":[{"href":"https:\/\/www.felipegonzalez.es\/eu\/wp-json\/wp\/v2\/pages"}],"about":[{"href":"https:\/\/www.felipegonzalez.es\/eu\/wp-json\/wp\/v2\/types\/page"}],"author":[{"embeddable":true,"href":"https:\/\/www.felipegonzalez.es\/eu\/wp-json\/wp\/v2\/users\/3"}],"replies":[{"embeddable":true,"href":"https:\/\/www.felipegonzalez.es\/eu\/wp-json\/wp\/v2\/comments?post=2514"}],"version-history":[{"count":3,"href":"https:\/\/www.felipegonzalez.es\/eu\/wp-json\/wp\/v2\/pages\/2514\/revisions"}],"predecessor-version":[{"id":3055,"href":"https:\/\/www.felipegonzalez.es\/eu\/wp-json\/wp\/v2\/pages\/2514\/revisions\/3055"}],"wp:attachment":[{"href":"https:\/\/www.felipegonzalez.es\/eu\/wp-json\/wp\/v2\/media?parent=2514"}],"curies":[{"name":"wp","href":"https:\/\/api.w.org\/{rel}","templated":true}]}}