{"id":1498,"date":"2016-12-14T15:26:27","date_gmt":"2016-12-14T15:26:27","guid":{"rendered":"http:\/\/www.felipegonzalez.es\/fundacion\/"},"modified":"2018-02-19T15:40:24","modified_gmt":"2018-02-19T15:40:24","slug":"fundacion","status":"publish","type":"page","link":"https:\/\/www.felipegonzalez.es\/gl\/fundacion\/","title":{"rendered":"Fundaci\u00f3n"},"content":{"rendered":"<p>[vc_row][vc_column][vc_empty_space height=&#8221;50px&#8221;][\/vc_column][\/vc_row][vc_row el_class=&#8221;fund-row&#8221;][vc_column el_class=&#8221;vc-container&#8221;][vc_row_inner][vc_column_inner el_class=&#8221;fund-col-left js-fund-col-left&#8221; width=&#8221;1\/2&#8243;][vc_column_text el_class=&#8221;fund-title&#8221;]<\/p>\n<h1>Fundaci\u00f3n<\/h1>\n<p>[\/vc_column_text][vc_column_text el_class=&#8221;fund-text&#8221;]Saber entender a nosa historia \u00e9 a clave para comprender o que estamos a vivir e, \u00e1 vez, a mellor maneira de abrirnos a un futuro diferente. Por ese motivo creouse a Fundaci\u00f3n Felipe Gonz\u00e1lez, co dobre obxectivo de aprender do pasado e achegar ao futuro.<\/p>\n<p>Baixo esas premisas, a Fundaci\u00f3n Felipe Gonz\u00e1lez enc\u00e1rgase de xestionar o arquivo documental de Felipe Gonz\u00e1lez co innovador fin de po\u00f1elo a disposici\u00f3n de todos os cidad\u00e1ns. Ademais organiza e apoia actividades e proxectos que contrib\u00faan \u00e1 igualdade de oportunidades e ofrezan ferramentas para enfrontarnos como sociedade aos enormes retos do s\u00e9culo XXI.<\/p>\n<p>A Fundaci\u00f3n Felipe Gonz\u00e1lez rexistrouse en outubro de 2013.[\/vc_column_text][vc_empty_space height=&#8221;80px&#8221; el_class=&#8221;fund-col-left-empty-up&#8221;][vc_single_image image=&#8221;2478&#8243; img_size=&#8221;full&#8221; onclick=&#8221;custom_link&#8221; img_link_target=&#8221;_blank&#8221; link=&#8221;http:\/\/www.fundacionfelipegonzalez.org\/&#8221;][vc_empty_space height=&#8221;40px&#8221; el_class=&#8221;fund-col-left-empty-down&#8221;][\/vc_column_inner][vc_column_inner el_class=&#8221;fund-col-right js-fund-col-right&#8221; width=&#8221;1\/2&#8243;][vc_column_text el_class=&#8221;fund-right-title&#8221;]Os seus obxectivos principais son:[\/vc_column_text][vc_column_text el_class=&#8221;fund-right-list&#8221;]<\/p>\n<ul>\n<li><strong>Xestionar e po\u00f1er a disposici\u00f3n dos cidad\u00e1ns un arquivo de enorme importancia sobre un per\u00edodo fundamental da historia de Espa\u00f1a.<\/strong><\/li>\n<li><strong>Favorecer un meirande e mellor co\u00f1ecemento da pol\u00edtica espa\u00f1ola e internacional e de cuesti\u00f3ns esenciais do noso tempo.<\/strong><\/li>\n<li><strong>Organizar e apoiar actividades e proxectos que ofrezan respostas aos retos pol\u00edticos e sociais do s\u00e9culo XXI compatibilizando progreso, modernizaci\u00f3n e promoci\u00f3n da igualdade.<\/strong><\/li>\n<\/ul>\n<p>[\/vc_column_text][\/vc_column_inner][\/vc_row_inner][\/vc_column][\/vc_row]<\/p>\n","protected":false},"excerpt":{"rendered":"<p>[vc_row][vc_column][vc_empty_space height=&#8221;50px&#8221;][\/vc_column][\/vc_row][vc_row el_class=&#8221;fund-row&#8221;][vc_column el_class=&#8221;vc-container&#8221;][vc_row_inner][vc_column_inner el_class=&#8221;fund-col-left js-fund-col-left&#8221; width=&#8221;1\/2&#8243;][vc_column_text el_class=&#8221;fund-title&#8221;] Fundaci\u00f3n [\/vc_column_text][vc_column_text el_class=&#8221;fund-text&#8221;]Saber entender a nosa historia \u00e9 a clave para comprender o que estamos a vivir e, \u00e1 vez, a mellor maneira de abrirnos a un futuro diferente. Por ese motivo creouse a Fundaci\u00f3n Felipe Gonz\u00e1lez, co dobre obxectivo de aprender do pasado e achegar ao [&hellip;]<\/p>\n","protected":false},"author":3,"featured_media":0,"parent":0,"menu_order":0,"comment_status":"closed","ping_status":"closed","template":"","meta":{"footnotes":""},"class_list":["post-1498","page","type-page","status-publish","hentry"],"yoast_head":"<!-- This site is optimized with the Yoast SEO plugin v21.1 - https:\/\/yoast.com\/wordpress\/plugins\/seo\/ -->\n<title>A Fundaci\u00f3n de Felipe Gonz\u00e1lez<\/title>\n<meta name=\"description\" content=\"Informaci\u00f3n sobre a Fundaci\u00f3n do expresidente do Goberno de Espa\u00f1a. Misi\u00f3n, visi\u00f3n e obxectivos institucionais.\" \/>\n<meta name=\"robots\" content=\"index, follow, max-snippet:-1, max-image-preview:large, max-video-preview:-1\" \/>\n<link rel=\"canonical\" href=\"https:\/\/www.felipegonzalez.es\/fundacion\/\" \/>\n<meta property=\"og:locale\" content=\"gl_ES\" \/>\n<meta property=\"og:type\" content=\"article\" \/>\n<meta property=\"og:title\" content=\"A Fundaci\u00f3n de Felipe Gonz\u00e1lez\" \/>\n<meta property=\"og:description\" content=\"Informaci\u00f3n sobre a Fundaci\u00f3n do expresidente do Goberno de Espa\u00f1a. Misi\u00f3n, visi\u00f3n e obxectivos institucionais.\" \/>\n<meta property=\"og:url\" content=\"https:\/\/www.felipegonzalez.es\/fundacion\/\" \/>\n<meta property=\"og:site_name\" content=\"Felipe Gonz\u00e1lez\" \/>\n<meta property=\"article:modified_time\" content=\"2018-02-19T15:40:24+00:00\" \/>\n<meta name=\"twitter:card\" content=\"summary_large_image\" \/>\n<meta name=\"twitter:label1\" content=\"Tempo de lectura\" \/>\n\t<meta name=\"twitter:data1\" content=\"2 minutos\" \/>\n<script type=\"application\/ld+json\" class=\"yoast-schema-graph\">{\"@context\":\"https:\/\/schema.org\",\"@graph\":[{\"@type\":\"WebPage\",\"@id\":\"https:\/\/www.felipegonzalez.es\/fundacion\/\",\"url\":\"https:\/\/www.felipegonzalez.es\/fundacion\/\",\"name\":\"A Fundaci\u00f3n de Felipe Gonz\u00e1lez\",\"isPartOf\":{\"@id\":\"https:\/\/www.felipegonzalez.es\/#website\"},\"datePublished\":\"2016-12-14T15:26:27+00:00\",\"dateModified\":\"2018-02-19T15:40:24+00:00\",\"description\":\"Informaci\u00f3n sobre a Fundaci\u00f3n do expresidente do Goberno de Espa\u00f1a. Misi\u00f3n, visi\u00f3n e obxectivos institucionais.\",\"breadcrumb\":{\"@id\":\"https:\/\/www.felipegonzalez.es\/fundacion\/#breadcrumb\"},\"inLanguage\":\"gl-ES\",\"potentialAction\":[{\"@type\":\"ReadAction\",\"target\":[\"https:\/\/www.felipegonzalez.es\/fundacion\/\"]}]},{\"@type\":\"BreadcrumbList\",\"@id\":\"https:\/\/www.felipegonzalez.es\/fundacion\/#breadcrumb\",\"itemListElement\":[{\"@type\":\"ListItem\",\"position\":1,\"name\":\"Portada\",\"item\":\"https:\/\/www.felipegonzalez.es\/gl\/\"},{\"@type\":\"ListItem\",\"position\":2,\"name\":\"Fundaci\u00f3n\"}]},{\"@type\":\"WebSite\",\"@id\":\"https:\/\/www.felipegonzalez.es\/#website\",\"url\":\"https:\/\/www.felipegonzalez.es\/\",\"name\":\"Felipe Gonz\u00e1lez\",\"description\":\"Felipe Gonz\u00e1lez\",\"potentialAction\":[{\"@type\":\"SearchAction\",\"target\":{\"@type\":\"EntryPoint\",\"urlTemplate\":\"https:\/\/www.felipegonzalez.es\/?s={search_term_string}\"},\"query-input\":\"required name=search_term_string\"}],\"inLanguage\":\"gl-ES\"}]}<\/script>\n<!-- \/ Yoast SEO plugin. -->","yoast_head_json":{"title":"A Fundaci\u00f3n de Felipe Gonz\u00e1lez","description":"Informaci\u00f3n sobre a Fundaci\u00f3n do expresidente do Goberno de Espa\u00f1a. Misi\u00f3n, visi\u00f3n e obxectivos institucionais.","robots":{"index":"index","follow":"follow","max-snippet":"max-snippet:-1","max-image-preview":"max-image-preview:large","max-video-preview":"max-video-preview:-1"},"canonical":"https:\/\/www.felipegonzalez.es\/fundacion\/","og_locale":"gl_ES","og_type":"article","og_title":"A Fundaci\u00f3n de Felipe Gonz\u00e1lez","og_description":"Informaci\u00f3n sobre a Fundaci\u00f3n do expresidente do Goberno de Espa\u00f1a. Misi\u00f3n, visi\u00f3n e obxectivos institucionais.","og_url":"https:\/\/www.felipegonzalez.es\/fundacion\/","og_site_name":"Felipe Gonz\u00e1lez","article_modified_time":"2018-02-19T15:40:24+00:00","twitter_card":"summary_large_image","twitter_misc":{"Tempo de lectura":"2 minutos"},"schema":{"@context":"https:\/\/schema.org","@graph":[{"@type":"WebPage","@id":"https:\/\/www.felipegonzalez.es\/fundacion\/","url":"https:\/\/www.felipegonzalez.es\/fundacion\/","name":"A Fundaci\u00f3n de Felipe Gonz\u00e1lez","isPartOf":{"@id":"https:\/\/www.felipegonzalez.es\/#website"},"datePublished":"2016-12-14T15:26:27+00:00","dateModified":"2018-02-19T15:40:24+00:00","description":"Informaci\u00f3n sobre a Fundaci\u00f3n do expresidente do Goberno de Espa\u00f1a. Misi\u00f3n, visi\u00f3n e obxectivos institucionais.","breadcrumb":{"@id":"https:\/\/www.felipegonzalez.es\/fundacion\/#breadcrumb"},"inLanguage":"gl-ES","potentialAction":[{"@type":"ReadAction","target":["https:\/\/www.felipegonzalez.es\/fundacion\/"]}]},{"@type":"BreadcrumbList","@id":"https:\/\/www.felipegonzalez.es\/fundacion\/#breadcrumb","itemListElement":[{"@type":"ListItem","position":1,"name":"Portada","item":"https:\/\/www.felipegonzalez.es\/gl\/"},{"@type":"ListItem","position":2,"name":"Fundaci\u00f3n"}]},{"@type":"WebSite","@id":"https:\/\/www.felipegonzalez.es\/#website","url":"https:\/\/www.felipegonzalez.es\/","name":"Felipe Gonz\u00e1lez","description":"Felipe Gonz\u00e1lez","potentialAction":[{"@type":"SearchAction","target":{"@type":"EntryPoint","urlTemplate":"https:\/\/www.felipegonzalez.es\/?s={search_term_string}"},"query-input":"required name=search_term_string"}],"inLanguage":"gl-ES"}]}},"_links":{"self":[{"href":"https:\/\/www.felipegonzalez.es\/gl\/wp-json\/wp\/v2\/pages\/1498","targetHints":{"allow":["GET"]}}],"collection":[{"href":"https:\/\/www.felipegonzalez.es\/gl\/wp-json\/wp\/v2\/pages"}],"about":[{"href":"https:\/\/www.felipegonzalez.es\/gl\/wp-json\/wp\/v2\/types\/page"}],"author":[{"embeddable":true,"href":"https:\/\/www.felipegonzalez.es\/gl\/wp-json\/wp\/v2\/users\/3"}],"replies":[{"embeddable":true,"href":"https:\/\/www.felipegonzalez.es\/gl\/wp-json\/wp\/v2\/comments?post=1498"}],"version-history":[{"count":5,"href":"https:\/\/www.felipegonzalez.es\/gl\/wp-json\/wp\/v2\/pages\/1498\/revisions"}],"predecessor-version":[{"id":2485,"href":"https:\/\/www.felipegonzalez.es\/gl\/wp-json\/wp\/v2\/pages\/1498\/revisions\/2485"}],"wp:attachment":[{"href":"https:\/\/www.felipegonzalez.es\/gl\/wp-json\/wp\/v2\/media?parent=1498"}],"curies":[{"name":"wp","href":"https:\/\/api.w.org\/{rel}","templated":true}]}}